{"id":913,"date":"2024-06-10T21:48:04","date_gmt":"2024-06-10T19:48:04","guid":{"rendered":"https:\/\/timerecorder.no\/westerstrand\/?page_id=913"},"modified":"2026-02-03T14:44:42","modified_gmt":"2026-02-03T13:44:42","slug":"salgsbetingelser","status":"publish","type":"page","link":"https:\/\/timerecorder.no\/westerstrand\/salgsbetingelser\/","title":{"rendered":"Salgsbetingelser"},"content":{"rendered":"<section class=\"bde-section-913-100 bde-section\">\n  \n  \n\t\n\n\n\n<div class=\"section-container\"><h1 class=\"bde-heading-913-101 bde-heading\">\nStandard salgsbetingelser\n<\/h1><div class=\"autogenerated-bce-dateupdated-913-103 autogenerated-bce-dateupdated\"><p><span class='de-bt'>Sist oppdatert: <\/span><span class='de-date'>03\/02\/26<\/span><\/p><\/div><div class=\"bde-rich-text-913-102 bde-rich-text breakdance-rich-text-styles\">\n<h4>1. GENERELT<\/h4><p>1.1 Standard salgsbetingelser gjelder, med mindre annet skriftlig er avtalt, for alle avtaler om kj\u00f8p mellom Time Recorder Co. AS (nedenfor kalt LEVERAND\u00d8REN) og kj\u00f8peren (nedenfor kalt KUNDEN). Salgsbetingelsene er \u00e5 anse som en del av kj\u00f8peavtalen mellom LEVERAND\u00d8REN og KUNDEN der det i ordredokumentene er vist til n\u00e6rv\u00e6rende betingelser.<\/p><h4><br \/>2. PRISER<\/h4><p>2.1. Priser angitt i ordrebekreftelsen gjelder fritt lager Oslo (EXW), hvis ikke annet er spesifisert.<br \/><br \/>2.2. Faktura forfaller til betaling 15 dager fra fakturadato hvis ikke annet er avtalt.<br \/><br \/>2.3. Ved for sen betaling beregnes morarenter med 12,5%<\/p><p><br \/><br \/>2.4. Reklamasjon p\u00e5 faktura m\u00e5 skje innen 8 dager fra fakturadato.<\/p><h4><br \/>3. LEVERING<\/h4><p>3.1. Leveringstiden regnes fra den dag bestillingen er mottatt, forutsatt at alle detaljer i forbindelse med leveringen er klarlagt. Dersom KUNDEN forandrer spesifikasjonen i l\u00f8pet av leverings-tiden, tas forbehold om forsinket levering.<br \/><br \/>3.2. I tilfelle force majeure, er LEVERAND\u00d8REN berettiget til tilsvarende forlengelse av leverings-tiden. Med force majeure forst\u00e5s krig, lockout, streik, brann, import eller eksportrestriksjoner p\u00e5 utstyr som inng\u00e5r i leveringen, samt hendelser<br \/>som ligger utenfor LEVERAND\u00d8RENS kontroll.<\/p><p>\u00a0<\/p><h4>4. LEVERANSENS KVALITET<\/h4><p>4.1. LEVERAND\u00d8REN er ansvarlig for at leveranser og ytelser som LEVERAND\u00d8REN st\u00e5r for, tilsammen gir et anlegg som tilfredsstiller oppgitte krav og spesifikasjoner<\/p><h4><br \/>5. SALGSPANT<\/h4><p>5.1. LEVERAND\u00d8REN har salgspant i utstyret inntil full betaling har funnet sted.<\/p><h4><br \/>6. GARANTI<\/h4><p>6.1. Produktene leveres med en fabrikkgaranti p\u00e5 5 \u00e5r gjeldende fra leveringstidspunktet som garanterer at produktene i leveransen er riktig konstruert, og fri for fabrikasjonsfeil.<\/p><p><br \/><br \/>6.2. Dersom KUNDEN oppdager feil\/mangler p\u00e5 utstyret innenfor den i pkt. 6.1 nevnte frist, plikter han omg\u00e5ende \u00e5 underrette LEVERAND\u00d8REN som snarest mulig plikter \u00e5 utbedre feilen\/mangelen. Transport, ansvar, fraktkostnad og emballering dekkes av KUNDEN. LEVERAND\u00d8REN fraskriver seg konsekvensansvar.<br \/><br \/>6.3 LEVERAND\u00d8REN er ikke ansvarlig for skader som oppst\u00e5r p\u00e5 grunn av ytre \u00e5rsaker, filbehandling eller skj\u00f8desl\u00f8shet. Dersom reparasjoner utf\u00f8res av KUNDEN uten LEVERAND\u00d8RENS godkjennelse, anses garantitiden som utl\u00f8pt.<br \/><br \/>6.4. For \u00e5 sikre et forsvarlig vedlikehold av utstyret, b\u00f8r KUNDEN inng\u00e5 separat servicekontrakt med LEVERAND\u00d8REN, p\u00e5 de til enhver tid gjeldende servicevilk\u00e5r.<\/p>\n<\/div><\/div>\n<\/section>","protected":false},"excerpt":{"rendered":"<p>Standard salgsbetingelser Sist oppdatert: 03\/02\/26 1. GENERELT1.1 Standard salgsbetingelser gjelder, med mindre annet skriftlig er avtalt, for alle avtaler om kj\u00f8p mellom Time Recorder Co. AS (nedenfor kalt LEVERAND\u00d8REN) og kj\u00f8peren (nedenfor kalt KUNDEN). Salgsbetingelsene er \u00e5 anse som en del av kj\u00f8peavtalen mellom LEVERAND\u00d8REN og KUNDEN der det i ordredokumentene er vist til n\u00e6rv\u00e6rende [&hellip;]<\/p>\n","protected":false},"author":1,"featured_media":0,"parent":0,"menu_order":0,"comment_status":"closed","ping_status":"closed","template":"","meta":{"_seopress_robots_primary_cat":"","_seopress_titles_title":"","_seopress_titles_desc":"","_seopress_robots_index":"","_breakdance_hide_in_design_set":false,"_breakdance_tags":"","footnotes":""},"class_list":["post-913","page","type-page","status-publish"],"meta_box":[],"_links":{"self":[{"href":"https:\/\/timerecorder.no\/westerstrand\/wp-json\/wp\/v2\/pages\/913","targetHints":{"allow":["GET"]}}],"collection":[{"href":"https:\/\/timerecorder.no\/westerstrand\/wp-json\/wp\/v2\/pages"}],"about":[{"href":"https:\/\/timerecorder.no\/westerstrand\/wp-json\/wp\/v2\/types\/page"}],"author":[{"embeddable":true,"href":"https:\/\/timerecorder.no\/westerstrand\/wp-json\/wp\/v2\/users\/1"}],"replies":[{"embeddable":true,"href":"https:\/\/timerecorder.no\/westerstrand\/wp-json\/wp\/v2\/comments?post=913"}],"version-history":[{"count":4,"href":"https:\/\/timerecorder.no\/westerstrand\/wp-json\/wp\/v2\/pages\/913\/revisions"}],"predecessor-version":[{"id":951,"href":"https:\/\/timerecorder.no\/westerstrand\/wp-json\/wp\/v2\/pages\/913\/revisions\/951"}],"wp:attachment":[{"href":"https:\/\/timerecorder.no\/westerstrand\/wp-json\/wp\/v2\/media?parent=913"}],"curies":[{"name":"wp","href":"https:\/\/api.w.org\/{rel}","templated":true}]}}