{"id":111,"date":"2023-09-07T06:06:20","date_gmt":"2023-09-07T06:06:20","guid":{"rendered":"https:\/\/timerecorder.no\/westerstrand\/?post_type=product&#038;p=111"},"modified":"2023-09-10T14:30:20","modified_gmt":"2023-09-10T14:30:20","slug":"wdp-amp","status":"publish","type":"product","link":"https:\/\/timerecorder.no\/westerstrand\/sortiment\/tid\/styresystem\/impuls\/wdp-amp\/","title":{"rendered":"WDP-AMP"},"content":{"rendered":"<p><strong>Generelt<\/strong><br \/>\nWDP-AMP er en elektronisk impulsforsterker tiltenkt for forsterkninng av polvekslende impulser eller ledningskoblet tidkode, og kan fungere i synk. &#8211; eller sekund\u00e6rmodus.<\/p>\n<p>Sommer\/Vintertid omstilling er forh\u00e5ndsprogrammert og om forsterkeren benyttes i synkmodus, s\u00e5 gj\u00f8res omstillingen helt automatisk.<\/p>\n<p><strong>Str\u00f8mavbrudd<\/strong><br \/>\nVed tilfelle av str\u00f8mavbrudd opprettholdes den interne tiden av den innebygde sanntidsklokken. Tilkoblede sekund\u00e6rur rettstilles automatisk etter str\u00f8mavbruddet gjennom hurtigimpulsering.<\/p>\n","protected":false},"excerpt":{"rendered":"<p>&#8216;- Forsterker impulser eller tidkodemeldingene.<br \/>\n&#8211; Automatisk sommer\/vintertid omstilling.<br \/>\n&#8211; Automatisk rettstilling etter eksempelvis str\u00f8mavbrudd.<\/p>\n","protected":false},"featured_media":481,"template":"","meta":{"_seopress_robots_primary_cat":"","_seopress_titles_title":"","_seopress_titles_desc":"","_seopress_robots_index":""},"product_brand":[],"product_cat":[62,53,21,59,43,67,58],"product_tag":[84,88],"class_list":{"0":"post-111","1":"product","2":"type-product","3":"status-publish","4":"has-post-thumbnail","6":"product_cat-impuls","7":"product_cat-sentralur","8":"product_cat-sortiment","9":"product_cat-styresystem","10":"product_cat-tid","11":"product_cat-tidkode","12":"product_cat-tilbehor-sentralur","13":"product_tag-ip65","14":"product_tag-wdp-amp","16":"first","17":"instock","18":"shipping-taxable","19":"product-type-simple"},"meta_box":[],"_links":{"self":[{"href":"https:\/\/timerecorder.no\/westerstrand\/wp-json\/wp\/v2\/product\/111","targetHints":{"allow":["GET"]}}],"collection":[{"href":"https:\/\/timerecorder.no\/westerstrand\/wp-json\/wp\/v2\/product"}],"about":[{"href":"https:\/\/timerecorder.no\/westerstrand\/wp-json\/wp\/v2\/types\/product"}],"wp:featuredmedia":[{"embeddable":true,"href":"https:\/\/timerecorder.no\/westerstrand\/wp-json\/wp\/v2\/media\/481"}],"wp:attachment":[{"href":"https:\/\/timerecorder.no\/westerstrand\/wp-json\/wp\/v2\/media?parent=111"}],"wp:term":[{"taxonomy":"product_brand","embeddable":true,"href":"https:\/\/timerecorder.no\/westerstrand\/wp-json\/wp\/v2\/product_brand?post=111"},{"taxonomy":"product_cat","embeddable":true,"href":"https:\/\/timerecorder.no\/westerstrand\/wp-json\/wp\/v2\/product_cat?post=111"},{"taxonomy":"product_tag","embeddable":true,"href":"https:\/\/timerecorder.no\/westerstrand\/wp-json\/wp\/v2\/product_tag?post=111"}],"curies":[{"name":"wp","href":"https:\/\/api.w.org\/{rel}","templated":true}]}}