{"id":17,"date":"2023-09-06T12:54:55","date_gmt":"2023-09-06T12:54:55","guid":{"rendered":"https:\/\/timerecorder.no\/westerstrand\/?post_type=product&#038;p=17"},"modified":"2023-09-10T20:47:33","modified_gmt":"2023-09-10T20:47:33","slug":"backboard-led-stripe","status":"publish","type":"product","link":"https:\/\/timerecorder.no\/westerstrand\/sortiment\/sport\/resultattavler\/multisport\/tilbehor-multisport\/backboard-led-stripe\/","title":{"rendered":"Backboard LED-stripe"},"content":{"rendered":"<p><strong>Allm\u00e4nt<\/strong><br \/>\nBest\u00e5r av 2 rader med lysdioder som monteras p\u00e5 basketkorgen och t\u00e4nds upp med r\u00f6tt n\u00e4r matchtiden i varje period \u00e4r slut och gult n\u00e4r skott-tiden g\u00e5tt ut. Detta kit \u00e4r framtaget f\u00f6r transparanta modeller av basketkorgar som finns p\u00e5 marknaden. LED-stripen monteras p\u00e5 baksidan av basketkorgen.<\/p>\n<p>Den ansluts till Westerstrand skottklockor FIBA av senare version (kontakta v\u00e5r f\u00f6rs\u00e4ljningsavdelning f\u00f6r att verifiera funktionen).<\/p>\n","protected":false},"excerpt":{"rendered":"<p>&#8211; LED-stripes f\u00f6r tv\u00e5 korgar.<br \/>\n&#8211; Indikering f\u00f6r spelare, publik och domare i basket.<br \/>\n&#8211; Basketball<\/p>\n","protected":false},"featured_media":499,"template":"","meta":{"_seopress_robots_primary_cat":"","_seopress_titles_title":"","_seopress_titles_desc":"","_seopress_robots_index":""},"product_brand":[],"product_cat":[38,24,23,21,22,34,25],"product_tag":[75,76],"class_list":{"0":"post-17","1":"product","2":"type-product","3":"status-publish","4":"has-post-thumbnail","6":"product_cat-idrettshall","7":"product_cat-multisport","8":"product_cat-resultattavler","9":"product_cat-sortiment","10":"product_cat-sport","11":"product_cat-systemlosninger","12":"product_cat-tilbehor-multisport","13":"product_tag-idrettshall","14":"product_tag-tilbehor-multisport","16":"first","17":"instock","18":"shipping-taxable","19":"product-type-simple"},"meta_box":[],"_links":{"self":[{"href":"https:\/\/timerecorder.no\/westerstrand\/wp-json\/wp\/v2\/product\/17","targetHints":{"allow":["GET"]}}],"collection":[{"href":"https:\/\/timerecorder.no\/westerstrand\/wp-json\/wp\/v2\/product"}],"about":[{"href":"https:\/\/timerecorder.no\/westerstrand\/wp-json\/wp\/v2\/types\/product"}],"wp:featuredmedia":[{"embeddable":true,"href":"https:\/\/timerecorder.no\/westerstrand\/wp-json\/wp\/v2\/media\/499"}],"wp:attachment":[{"href":"https:\/\/timerecorder.no\/westerstrand\/wp-json\/wp\/v2\/media?parent=17"}],"wp:term":[{"taxonomy":"product_brand","embeddable":true,"href":"https:\/\/timerecorder.no\/westerstrand\/wp-json\/wp\/v2\/product_brand?post=17"},{"taxonomy":"product_cat","embeddable":true,"href":"https:\/\/timerecorder.no\/westerstrand\/wp-json\/wp\/v2\/product_cat?post=17"},{"taxonomy":"product_tag","embeddable":true,"href":"https:\/\/timerecorder.no\/westerstrand\/wp-json\/wp\/v2\/product_tag?post=17"}],"curies":[{"name":"wp","href":"https:\/\/api.w.org\/{rel}","templated":true}]}}