{"id":19,"date":"2023-09-06T12:59:07","date_gmt":"2023-09-06T12:59:07","guid":{"rendered":"https:\/\/timerecorder.no\/westerstrand\/?post_type=product&#038;p=19"},"modified":"2023-10-02T21:16:18","modified_gmt":"2023-10-02T21:16:18","slug":"skuddklokke-basic-led-elite-kurv","status":"publish","type":"product","link":"https:\/\/timerecorder.no\/westerstrand\/sortiment\/sport\/resultattavler\/multisport\/skuddklokke-basic-led-elite-kurv\/","title":{"rendered":"Skuddklokke Basic-LED-Elite kurv"},"content":{"rendered":"<p><strong>Allm\u00e4nt<\/strong><br \/>\n2st till\u00e4ggsmoduler med inbyggd sir\u00e9n f\u00f6r Resultattavla BASIC LED. Visar nedr\u00e4kningstid av 14\/24-sekundersregeln i basket samt matchtiden. N\u00e4r nedr\u00e4kningen av skottiden \u00e4r avslutad ljuder sir\u00e9nen automatiskt. Tavlorna \u00e4r \u00e4ven f\u00f6rberedda med rel\u00e4 f\u00f6r anslutning av LED-stripes.<\/p>\n<p>Tavlorna styrs fr\u00e5n man\u00f6verhandtag som ing\u00e5r i leveransen. Handtaget jackas i befintlig man\u00f6verapparat.<\/p>\n<p><strong>Teckenh\u00f6jd<\/strong><br \/>\n250 mm (24-sek), 140 (matchtid)<\/p>\n","protected":false},"excerpt":{"rendered":"<p>&#8211; Inbyggd sir\u00e9n.<br \/>\n&#8211; F\u00f6r anv\u00e4ndning tillsammans med resultattavla.<br \/>\n&#8211; Skottklockan finns f\u00f6r radiostyrd eller tr\u00e5dbunden anslutning.<br \/>\n&#8211; F\u00f6r montering p\u00e5 basketkorg.<\/p>\n","protected":false},"featured_media":498,"template":"","meta":{"_seopress_robots_primary_cat":"","_seopress_titles_title":"","_seopress_titles_desc":"","_seopress_robots_index":""},"product_brand":[],"product_cat":[38,24,23,21,22,34],"product_tag":[72,73,74,75],"class_list":{"0":"post-19","1":"product","2":"type-product","3":"status-publish","4":"has-post-thumbnail","6":"product_cat-idrettshall","7":"product_cat-multisport","8":"product_cat-resultattavler","9":"product_cat-sortiment","10":"product_cat-sport","11":"product_cat-systemlosninger","12":"product_tag-basic-led-190","13":"product_tag-basic-led-250","14":"product_tag-basic-led-300a","15":"product_tag-idrettshall","17":"first","18":"instock","19":"shipping-taxable","20":"product-type-simple"},"meta_box":[],"_links":{"self":[{"href":"https:\/\/timerecorder.no\/westerstrand\/wp-json\/wp\/v2\/product\/19","targetHints":{"allow":["GET"]}}],"collection":[{"href":"https:\/\/timerecorder.no\/westerstrand\/wp-json\/wp\/v2\/product"}],"about":[{"href":"https:\/\/timerecorder.no\/westerstrand\/wp-json\/wp\/v2\/types\/product"}],"wp:featuredmedia":[{"embeddable":true,"href":"https:\/\/timerecorder.no\/westerstrand\/wp-json\/wp\/v2\/media\/498"}],"wp:attachment":[{"href":"https:\/\/timerecorder.no\/westerstrand\/wp-json\/wp\/v2\/media?parent=19"}],"wp:term":[{"taxonomy":"product_brand","embeddable":true,"href":"https:\/\/timerecorder.no\/westerstrand\/wp-json\/wp\/v2\/product_brand?post=19"},{"taxonomy":"product_cat","embeddable":true,"href":"https:\/\/timerecorder.no\/westerstrand\/wp-json\/wp\/v2\/product_cat?post=19"},{"taxonomy":"product_tag","embeddable":true,"href":"https:\/\/timerecorder.no\/westerstrand\/wp-json\/wp\/v2\/product_tag?post=19"}],"curies":[{"name":"wp","href":"https:\/\/api.w.org\/{rel}","templated":true}]}}