{"id":201,"date":"2023-09-08T19:26:46","date_gmt":"2023-09-08T19:26:46","guid":{"rendered":"https:\/\/timerecorder.no\/westerstrand\/?post_type=product&#038;p=201"},"modified":"2023-10-02T20:58:10","modified_gmt":"2023-10-02T20:58:10","slug":"funksjonaerur-basic-led","status":"publish","type":"product","link":"https:\/\/timerecorder.no\/westerstrand\/sortiment\/sport\/resultattavler\/multisport\/tilbehor-multisport\/funksjonaerur-basic-led\/","title":{"rendered":"Funksjon\u00e6rur Basic LED"},"content":{"rendered":"<p><strong>Generelt<\/strong><br \/>\nFunksjon\u00e6rur for tilkobling til resultattavle BASIC.<\/p>\n<p>Funksjon\u00e6ruret viser samme informasjon (kamptid og pausetid) som resultattavlen s\u00e5 lenge styreenheten er tilkoblet. N\u00e5r styreenheten ikke er tilkoblet, fungerer det som ett vanlig ur for sanntidvisning.<\/p>\n","protected":false},"excerpt":{"rendered":"<p>&#8216;- Viser kamptid\/periodetid og pausetid.<br \/>\n&#8211; Finnes med sifferh\u00f8yde 60mm og 120mm.<\/p>\n","protected":false},"featured_media":454,"template":"","meta":{"_seopress_robots_primary_cat":"","_seopress_titles_title":"","_seopress_titles_desc":"","_seopress_robots_index":""},"product_brand":[],"product_cat":[38,24,23,21,22,34,25],"product_tag":[75],"class_list":{"0":"post-201","1":"product","2":"type-product","3":"status-publish","4":"has-post-thumbnail","6":"product_cat-idrettshall","7":"product_cat-multisport","8":"product_cat-resultattavler","9":"product_cat-sortiment","10":"product_cat-sport","11":"product_cat-systemlosninger","12":"product_cat-tilbehor-multisport","13":"product_tag-idrettshall","15":"first","16":"instock","17":"shipping-taxable","18":"product-type-simple"},"meta_box":[],"_links":{"self":[{"href":"https:\/\/timerecorder.no\/westerstrand\/wp-json\/wp\/v2\/product\/201","targetHints":{"allow":["GET"]}}],"collection":[{"href":"https:\/\/timerecorder.no\/westerstrand\/wp-json\/wp\/v2\/product"}],"about":[{"href":"https:\/\/timerecorder.no\/westerstrand\/wp-json\/wp\/v2\/types\/product"}],"wp:featuredmedia":[{"embeddable":true,"href":"https:\/\/timerecorder.no\/westerstrand\/wp-json\/wp\/v2\/media\/454"}],"wp:attachment":[{"href":"https:\/\/timerecorder.no\/westerstrand\/wp-json\/wp\/v2\/media?parent=201"}],"wp:term":[{"taxonomy":"product_brand","embeddable":true,"href":"https:\/\/timerecorder.no\/westerstrand\/wp-json\/wp\/v2\/product_brand?post=201"},{"taxonomy":"product_cat","embeddable":true,"href":"https:\/\/timerecorder.no\/westerstrand\/wp-json\/wp\/v2\/product_cat?post=201"},{"taxonomy":"product_tag","embeddable":true,"href":"https:\/\/timerecorder.no\/westerstrand\/wp-json\/wp\/v2\/product_tag?post=201"}],"curies":[{"name":"wp","href":"https:\/\/api.w.org\/{rel}","templated":true}]}}