{"id":245,"date":"2023-09-09T08:55:19","date_gmt":"2023-09-09T08:55:19","guid":{"rendered":"https:\/\/timerecorder.no\/westerstrand\/?post_type=product&#038;p=245"},"modified":"2023-10-04T07:51:12","modified_gmt":"2023-10-04T07:51:12","slug":"op-ur-combi-chrono-digitalt","status":"publish","type":"product","link":"https:\/\/timerecorder.no\/westerstrand\/sortiment\/tid\/digitale-ur\/digitale-innendors-ur\/op-ur-combi-chrono-digitalt\/","title":{"rendered":"OP ur combi chrono digitalt"},"content":{"rendered":"<p><strong>Generelt<\/strong><br \/>\nDigitalt innend\u00f8rsur produsert for operasjonssaler. Uret har fuderal i blankpolert rustfritt st\u00e5l og front i polykarbonat.<br \/>\nMed innebygd dimmer som reguleres automatiskt.<\/p>\n<p>Gjennom programmering kan det \u00f8verste displayet veksle mellom tid \/ dato \/ temperatur.\u00a0 (For visning av lufttemperatur kreves en temperaturm\u00e5ler\u2013 kj\u00f8pes separat).<\/p>\n<p>Med opsjon kan det nedre displayet benyttes som kronometer.<\/p>\n<p><strong>Styresystem<\/strong><br \/>\nKlokken g\u00e5r \u00e5 f\u00e5 med <a href=\"https:\/\/www.timerecorder.no\/westerstrand\/sortiment\/produktkategori\/tid\/styresystem\/impuls\/\"><strong>\u00a0Impuls<\/strong><\/a>,\u00a0<a href=\"https:\/\/www.timerecorder.no\/westerstrand\/sortiment\/produktkategori\/tid\/styresystem\/tidkode\/\"><strong>Tidkode<\/strong><\/a>,\u00a0<a href=\"https:\/\/www.timerecorder.no\/westerstrand\/sortiment\/produktkategori\/tid\/styresystem\/ntp\/\"><strong>NTP<\/strong><\/a>\u00a0eller som\u00a0<a href=\"https:\/\/www.timerecorder.no\/westerstrand\/sortiment\/produktkategori\/tid\/styresystem\/frittstaende\/\"><strong>Frittst\u00e5ende<\/strong><\/a>.<\/p>\n<p><strong>Montering<\/strong><br \/>\nEnsidig for utvendig eller innfelt montering.<\/p>\n<p><strong>Str\u00f8mavbrudd<\/strong><br \/>\nVed str\u00f8mavbrudd slukkes lysdiodene. En intern klokke regner opp tiden i ca 48 timer. N\u00e5r str\u00f8mforsyningen gjenopprettes tennes lysdiodene og digitalklokken viser riktig tid.<\/p>\n<p><strong>Tegnh\u00f8yde<\/strong><br \/>\n50\/35 mm<\/p>\n","protected":false},"excerpt":{"rendered":"<p>&#8216;- Futteral i rustfritt st\u00e5l.<br \/>\n&#8211; Front i polykarbonat.<br \/>\n&#8211; Lysdioder i r\u00f8dt.<br \/>\n&#8211; Innebygd dimmer.<\/p>\n","protected":false},"featured_media":445,"template":"","meta":{"_seopress_robots_primary_cat":"","_seopress_titles_title":"","_seopress_titles_desc":"","_seopress_robots_index":""},"product_brand":[],"product_cat":[48,47,60,62,51,65,52,21,59,42,34,43,67],"product_tag":[103,97,107],"class_list":{"0":"post-245","1":"product","2":"type-product","3":"status-publish","4":"has-post-thumbnail","6":"product_cat-digitale-innendors-ur","7":"product_cat-digitale-ur","8":"product_cat-frittstaende-ur","9":"product_cat-impuls","10":"product_cat-innendors-ur","11":"product_cat-ntp","12":"product_cat-operasjonsur","13":"product_cat-sortiment","14":"product_cat-styresystem","15":"product_cat-sykehus","16":"product_cat-systemlosninger","17":"product_cat-tid","18":"product_cat-tidkode","19":"product_tag-digitale-ur","20":"product_tag-ip54","21":"product_tag-sykehus","23":"first","24":"instock","25":"shipping-taxable","26":"product-type-simple"},"meta_box":[],"_links":{"self":[{"href":"https:\/\/timerecorder.no\/westerstrand\/wp-json\/wp\/v2\/product\/245","targetHints":{"allow":["GET"]}}],"collection":[{"href":"https:\/\/timerecorder.no\/westerstrand\/wp-json\/wp\/v2\/product"}],"about":[{"href":"https:\/\/timerecorder.no\/westerstrand\/wp-json\/wp\/v2\/types\/product"}],"wp:featuredmedia":[{"embeddable":true,"href":"https:\/\/timerecorder.no\/westerstrand\/wp-json\/wp\/v2\/media\/445"}],"wp:attachment":[{"href":"https:\/\/timerecorder.no\/westerstrand\/wp-json\/wp\/v2\/media?parent=245"}],"wp:term":[{"taxonomy":"product_brand","embeddable":true,"href":"https:\/\/timerecorder.no\/westerstrand\/wp-json\/wp\/v2\/product_brand?post=245"},{"taxonomy":"product_cat","embeddable":true,"href":"https:\/\/timerecorder.no\/westerstrand\/wp-json\/wp\/v2\/product_cat?post=245"},{"taxonomy":"product_tag","embeddable":true,"href":"https:\/\/timerecorder.no\/westerstrand\/wp-json\/wp\/v2\/product_tag?post=245"}],"curies":[{"name":"wp","href":"https:\/\/api.w.org\/{rel}","templated":true}]}}