{"id":248,"date":"2023-09-09T09:00:24","date_gmt":"2023-09-09T09:00:24","guid":{"rendered":"https:\/\/timerecorder.no\/westerstrand\/?post_type=product&#038;p=248"},"modified":"2023-10-04T07:46:41","modified_gmt":"2023-10-04T07:46:41","slug":"op-ur-digitalt","status":"publish","type":"product","link":"https:\/\/timerecorder.no\/westerstrand\/sortiment\/tid\/digitale-ur\/digitale-innendors-ur\/op-ur-digitalt\/","title":{"rendered":"OP ur digitalt"},"content":{"rendered":"<p><strong>Generelt<\/strong><br \/>\nDigitalt innend\u00f8rsur produsert for operasjonssaler. Uret har fuderal i blankpolert rustfritt st\u00e5l og front i polykarbonat.<br \/>\nMed innebygd dimmer som reguleres automatiskt.<\/p>\n<p>Gjennom programmering kan displayet veksle visningsmodus mellom tid\/ dato \/ temperatur. (For visning av lufttemperatur kreves en temperaturm\u00e5ler. \u2013 kj\u00f8pes separat).<\/p>\n<p>Med opsjon kan digitalklokken ogs\u00e5 benyttes som kronometer.<\/p>\n<p><strong>Styresystem<\/strong><br \/>\nKlokken g\u00e5r \u00e5 f\u00e5 med <a href=\"https:\/\/www.timerecorder.no\/westerstrand\/sortiment\/produktkategori\/tid\/styresystem\/impuls\/\"><strong>Impuls<\/strong><\/a>,\u00a0<a href=\"https:\/\/www.timerecorder.no\/westerstrand\/sortiment\/produktkategori\/tid\/styresystem\/tidkode\/\"><strong>Tidkode<\/strong><\/a>, eller som\u00a0<a href=\"https:\/\/www.timerecorder.no\/westerstrand\/sortiment\/produktkategori\/tid\/styresystem\/frittstaende\/\"><strong>Frittst\u00e5ende<\/strong><\/a>.<\/p>\n<p><strong>Montering<\/strong><br \/>\nEnsidig for utvendig eller innfelt montering.<\/p>\n<p><strong>Str\u00f8mavbrudd<\/strong><br \/>\nVed str\u00f8mavbrudd slokker lysdiodene. En intern klokke regner opp tiden i ca 48 timer. N\u00e5r str\u00f8mforsyningen gjenopprettes tennes lysdiodene og digitalklokken viser rett tid.<\/p>\n<p><strong>Tegnh\u00f8yde<\/strong><br \/>\n50\/35 mm<\/p>\n","protected":false},"excerpt":{"rendered":"<p>&#8216;- Futteral i rustfritt st\u00e5l.<br \/>\n&#8211; Front i polykarbonat.<br \/>\n&#8211; Lysdioder i r\u00f8dt.<br \/>\n&#8211; Innebygd dimmer.<\/p>\n","protected":false},"featured_media":444,"template":"","meta":{"_seopress_robots_primary_cat":"","_seopress_titles_title":"","_seopress_titles_desc":"","_seopress_robots_index":""},"product_brand":[],"product_cat":[48,47,60,62,51,52,21,59,42,34,43,67],"product_tag":[103,97,107],"class_list":{"0":"post-248","1":"product","2":"type-product","3":"status-publish","4":"has-post-thumbnail","6":"product_cat-digitale-innendors-ur","7":"product_cat-digitale-ur","8":"product_cat-frittstaende-ur","9":"product_cat-impuls","10":"product_cat-innendors-ur","11":"product_cat-operasjonsur","12":"product_cat-sortiment","13":"product_cat-styresystem","14":"product_cat-sykehus","15":"product_cat-systemlosninger","16":"product_cat-tid","17":"product_cat-tidkode","18":"product_tag-digitale-ur","19":"product_tag-ip54","20":"product_tag-sykehus","22":"first","23":"instock","24":"shipping-taxable","25":"product-type-simple"},"meta_box":[],"_links":{"self":[{"href":"https:\/\/timerecorder.no\/westerstrand\/wp-json\/wp\/v2\/product\/248","targetHints":{"allow":["GET"]}}],"collection":[{"href":"https:\/\/timerecorder.no\/westerstrand\/wp-json\/wp\/v2\/product"}],"about":[{"href":"https:\/\/timerecorder.no\/westerstrand\/wp-json\/wp\/v2\/types\/product"}],"wp:featuredmedia":[{"embeddable":true,"href":"https:\/\/timerecorder.no\/westerstrand\/wp-json\/wp\/v2\/media\/444"}],"wp:attachment":[{"href":"https:\/\/timerecorder.no\/westerstrand\/wp-json\/wp\/v2\/media?parent=248"}],"wp:term":[{"taxonomy":"product_brand","embeddable":true,"href":"https:\/\/timerecorder.no\/westerstrand\/wp-json\/wp\/v2\/product_brand?post=248"},{"taxonomy":"product_cat","embeddable":true,"href":"https:\/\/timerecorder.no\/westerstrand\/wp-json\/wp\/v2\/product_cat?post=248"},{"taxonomy":"product_tag","embeddable":true,"href":"https:\/\/timerecorder.no\/westerstrand\/wp-json\/wp\/v2\/product_tag?post=248"}],"curies":[{"name":"wp","href":"https:\/\/api.w.org\/{rel}","templated":true}]}}