{"id":287,"date":"2023-09-09T09:58:22","date_gmt":"2023-09-09T09:58:22","guid":{"rendered":"https:\/\/timerecorder.no\/westerstrand\/?post_type=product&#038;p=287"},"modified":"2023-09-09T20:57:13","modified_gmt":"2023-09-09T20:57:13","slug":"programhovedur-y","status":"publish","type":"product","link":"https:\/\/timerecorder.no\/westerstrand\/sortiment\/tid\/sentralur\/programhovedur\/programhovedur-y\/","title":{"rendered":"Programhovedur Y"},"content":{"rendered":"<p><strong>Generelt<\/strong><br \/>\nProgramhoveduret utgj\u00f8r en kombinasjon av \u00e5rsprogramuret med 2, 4 alt. 8 rel\u00e9utganger for styring av ulike energiforbrukere og hovedur for drift av sekund\u00e6rur.<\/p>\n<p>Den har en forprogrammert \u00e5rskalender\/almanakk der \u00e5rets r\u00f8de dager er allerede innprogrammert.<\/p>\n<p>I hoveduret kan man velge hvilken type av kommunikasjon den skal styre sekund\u00e6rurene med.\u00a0 Eksempelvis 24 V DC polvekslende minuttimpulser, Tidkode eller NTP om opsjonen Ethernetkort bygges inn i hoveduret.<\/p>\n<p>Vil man ha en ekstra h\u00f8y gangn\u00f8yaktighet, s\u00e5 kan en ekstern signalmottaker, type GPS tilkobles til hoveduret.<\/p>\n<p><strong>Str\u00f8mavbrudd<\/strong><br \/>\nVed et str\u00f8mavbrudd s\u00e5 beholder hoveduret sine innstillinger opp til 72 timer. N\u00e5r str\u00f8mmen kommer tilbake innenfor den tiden, s\u00e5 rettstiller hoveduret automatisk alle klokker i systemet.<\/p>\n<p><strong>Rel\u00e9utganger<\/strong><br \/>\nTotalt kan 800 styrefunksjoner programmeres over 2, 4 alt. 8 utganger. Repetering av daglige funksjoner p\u00e5 en viss utgang krever kun 1 styrefunksjon.<br \/>\nYtterligere rel\u00e9utganger (totalt 64 stk.) erholdes gjennom at programhoveduret kompletteres med en eller flere ekspansjonsenheter (Gjelder kun WDP-Y8).<\/p>\n","protected":false},"excerpt":{"rendered":"<p>&#8211; Automatisk sommar\/vintertidomstilling.<br \/>\n&#8211; Automatisk rettstilling etter eksempelvis str\u00f8mavbrudd.<br \/>\n&#8211; Impulsutgang for styring av klokker.<br \/>\n&#8211; Rel\u00e9utganger for \u00e5 styre vifter, belysning, alarmer, pausesignaler m.m.<br \/>\n&#8211; WDP-Y2, WDP-Y4, WDP-Y8<\/p>\n","protected":false},"featured_media":403,"template":"","meta":{"_seopress_robots_primary_cat":"","_seopress_titles_title":"","_seopress_titles_desc":"","_seopress_robots_index":""},"product_brand":[],"product_cat":[39,56,53,41,21,34,43],"product_tag":[105,126,125],"class_list":{"0":"post-287","1":"product","2":"type-product","3":"status-publish","4":"has-post-thumbnail","6":"product_cat-industri","7":"product_cat-programhovedur","8":"product_cat-sentralur","9":"product_cat-skole","10":"product_cat-sortiment","11":"product_cat-systemlosninger","12":"product_cat-tid","13":"product_tag-industri","14":"product_tag-programhovedur","15":"product_tag-skole","17":"first","18":"instock","19":"shipping-taxable","20":"product-type-simple"},"meta_box":[],"_links":{"self":[{"href":"https:\/\/timerecorder.no\/westerstrand\/wp-json\/wp\/v2\/product\/287","targetHints":{"allow":["GET"]}}],"collection":[{"href":"https:\/\/timerecorder.no\/westerstrand\/wp-json\/wp\/v2\/product"}],"about":[{"href":"https:\/\/timerecorder.no\/westerstrand\/wp-json\/wp\/v2\/types\/product"}],"wp:featuredmedia":[{"embeddable":true,"href":"https:\/\/timerecorder.no\/westerstrand\/wp-json\/wp\/v2\/media\/403"}],"wp:attachment":[{"href":"https:\/\/timerecorder.no\/westerstrand\/wp-json\/wp\/v2\/media?parent=287"}],"wp:term":[{"taxonomy":"product_brand","embeddable":true,"href":"https:\/\/timerecorder.no\/westerstrand\/wp-json\/wp\/v2\/product_brand?post=287"},{"taxonomy":"product_cat","embeddable":true,"href":"https:\/\/timerecorder.no\/westerstrand\/wp-json\/wp\/v2\/product_cat?post=287"},{"taxonomy":"product_tag","embeddable":true,"href":"https:\/\/timerecorder.no\/westerstrand\/wp-json\/wp\/v2\/product_tag?post=287"}],"curies":[{"name":"wp","href":"https:\/\/api.w.org\/{rel}","templated":true}]}}