{"id":295,"date":"2023-09-09T11:58:18","date_gmt":"2023-09-09T11:58:18","guid":{"rendered":"https:\/\/timerecorder.no\/westerstrand\/?post_type=product&#038;p=295"},"modified":"2023-09-09T21:00:38","modified_gmt":"2023-09-09T21:00:38","slug":"programhovedur-ms","status":"publish","type":"product","link":"https:\/\/timerecorder.no\/westerstrand\/sortiment\/tid\/sentralur\/programhovedur\/programhovedur-ms\/","title":{"rendered":"Programhovedur M+S"},"content":{"rendered":"<p><strong>Generelt<\/strong><br \/>\nProgramhoveduret utgj\u00f8r en kombinasjon av \u00e5rsprogramur med 8 utganger for styring av ulike energiforbrukere og hovedur for drift av sekund\u00e6rur med 2 impulsutganger.<\/p>\n<p>Den har en forprogrammert \u00e5rskalender\/almanakk der \u00e5rets r\u00f8de dagar er allerede innprogrammert.<\/p>\n<p>I hoveduret kan man velge hvilken type av kommunikasjon den skal styre sekund\u00e6ruret med. Eksempelvis 24 V DC polvekslende minuttimpulser, Tidkode eller NTP om opsjonen Ethernetkort bygges inn i hoveduret.<\/p>\n<p>Vil man ha en ekstra h\u00f8y gangn\u00f8yaktighet, s\u00e5 kan en ekstern signalmottaker type GPS tilkobles til hoveduret.<\/p>\n<p><strong>Str\u00f8mavbrudd<\/strong><br \/>\nVed et str\u00f8mavbrudd s\u00e5 beholder hoveduret sine innstillinger opp til 72 timer. N\u00e5r str\u00f8mmen kommer tilbake innenfor den tiden, s\u00e5 rettstiller hoveduret automatisk alle klokker i systemet.<\/p>\n<p><strong>Rel\u00e9utganger<\/strong><br \/>\nTotalt kan 800 styrefunksjoner programmeres over 8 utganger.\u00a0 Repetering av daglig funksjon p\u00e5 en viss utgang krever kun 1 styrefunksjon.<br \/>\nYtterligere rel\u00e9utganger\u00a0 (totalt 64 stk.) erholdes gjennom at programhoveduret kompletteres med en eller flere ekspansjonsenheter.<\/p>\n","protected":false},"excerpt":{"rendered":"<p>&#8216;- Automatisk sommer\/vintertidomstilling.<br \/>\n&#8211; Automatisk rettstilling etter eksempelvis str\u00f8mavbrudd.<br \/>\n&#8211; Impulsutgang for styring av klokkker.<br \/>\n&#8211; Rel\u00e9utgang for \u00e5 styre vifter, belysning, alarmer, pausesignaler m.m.<\/p>\n","protected":false},"featured_media":395,"template":"","meta":{"_seopress_robots_primary_cat":"","_seopress_titles_title":"","_seopress_titles_desc":"","_seopress_robots_index":""},"product_brand":[],"product_cat":[39,56,53,21,34,43],"product_tag":[105,84,126,80],"class_list":{"0":"post-295","1":"product","2":"type-product","3":"status-publish","4":"has-post-thumbnail","6":"product_cat-industri","7":"product_cat-programhovedur","8":"product_cat-sentralur","9":"product_cat-sortiment","10":"product_cat-systemlosninger","11":"product_cat-tid","12":"product_tag-industri","13":"product_tag-ip65","14":"product_tag-programhovedur","15":"product_tag-sentralur","17":"first","18":"instock","19":"shipping-taxable","20":"product-type-simple"},"meta_box":[],"_links":{"self":[{"href":"https:\/\/timerecorder.no\/westerstrand\/wp-json\/wp\/v2\/product\/295","targetHints":{"allow":["GET"]}}],"collection":[{"href":"https:\/\/timerecorder.no\/westerstrand\/wp-json\/wp\/v2\/product"}],"about":[{"href":"https:\/\/timerecorder.no\/westerstrand\/wp-json\/wp\/v2\/types\/product"}],"wp:featuredmedia":[{"embeddable":true,"href":"https:\/\/timerecorder.no\/westerstrand\/wp-json\/wp\/v2\/media\/395"}],"wp:attachment":[{"href":"https:\/\/timerecorder.no\/westerstrand\/wp-json\/wp\/v2\/media?parent=295"}],"wp:term":[{"taxonomy":"product_brand","embeddable":true,"href":"https:\/\/timerecorder.no\/westerstrand\/wp-json\/wp\/v2\/product_brand?post=295"},{"taxonomy":"product_cat","embeddable":true,"href":"https:\/\/timerecorder.no\/westerstrand\/wp-json\/wp\/v2\/product_cat?post=295"},{"taxonomy":"product_tag","embeddable":true,"href":"https:\/\/timerecorder.no\/westerstrand\/wp-json\/wp\/v2\/product_tag?post=295"}],"curies":[{"name":"wp","href":"https:\/\/api.w.org\/{rel}","templated":true}]}}