{"id":297,"date":"2023-09-09T12:06:19","date_gmt":"2023-09-09T12:06:19","guid":{"rendered":"https:\/\/timerecorder.no\/westerstrand\/?post_type=product&#038;p=297"},"modified":"2023-09-10T08:52:35","modified_gmt":"2023-09-10T08:52:35","slug":"tidsentral-mini","status":"publish","type":"product","link":"https:\/\/timerecorder.no\/westerstrand\/sortiment\/tid\/styresystem\/ntp\/tidsentral-mini\/","title":{"rendered":"Tidsentral mini"},"content":{"rendered":"<p><strong>Generelt<\/strong><br \/>\nMinisentralen utgj\u00f8r en kombinasjon av \u00e5rsprogrammur med 2 stk utganger for styring av ulike energiforbrukere og hovedur for drift av sekund\u00e6rur med 6 stk. impulsutganger.<\/p>\n<p>Den har en forprogrammert \u00e5rskalender\/almanakk der \u00e5rets r\u00f8de dagar er allerede innprogrammert.<\/p>\n<p>I sentralen kan man velge hvilken type av kommunikasjon den skal styre sekund\u00e6rurene med.\u00a0 Eksempelvis 24 V DC polvekslende minuttimpulser, Tidkode eller NTP.<br \/>\nMinisentralen har innebygd Ethernetkort for tilkobling til et nettverk.<\/p>\n<p>Vil man ha en ekstra h\u00f8y gangn\u00f8yaktighet, s\u00e5 kan en ekstern signalmottaker type GPS tilkobles til hoveduret.<\/p>\n<p><strong>Str\u00f8mavbrudd<\/strong><br \/>\nVed et str\u00f8mavbrudd s\u00e5 beholder hoveduret sine innstillinger opp til 72 timer. N\u00e5r str\u00f8mmen kommer tilbake innenfor den tiden, s\u00e5 rettstiller hoveduret automatisk alle klokker i systemet.<\/p>\n<p><strong>Rel\u00e9utganger<\/strong><br \/>\nTotalt kan 800 styrefunksjoner programmeres over 2 utganger. Repetering av daglig funksjon p\u00e5 en viss utgang krever kun 1 styrefunksjon.<\/p>\n","protected":false},"excerpt":{"rendered":"<p>&#8216;- Automatisk sommer\/vintertidomstilling<br \/>\n&#8211; Automatisk rettstilling etteer eksempelvis str\u00f8mavbrudd.<br \/>\n&#8211; Impulsutganger for styring av klokker.<br \/>\n&#8211; Rel\u00e9utganger for \u00e5 styre vifter, belysning, alarmer, pausesignaler m.m.<\/p>\n","protected":false},"featured_media":433,"template":"","meta":{"_seopress_robots_primary_cat":"","_seopress_titles_title":"","_seopress_titles_desc":"","_seopress_robots_index":""},"product_brand":[],"product_cat":[39,65,53,21,59,34,43,57],"product_tag":[105,128,80,112,127],"class_list":{"0":"post-297","1":"product","2":"type-product","3":"status-publish","4":"has-post-thumbnail","6":"product_cat-industri","7":"product_cat-ntp","8":"product_cat-sentralur","9":"product_cat-sortiment","10":"product_cat-styresystem","11":"product_cat-systemlosninger","12":"product_cat-tid","13":"product_cat-tidsentraler","14":"product_tag-industri","15":"product_tag-ntp","16":"product_tag-sentralur","17":"product_tag-styresystem","18":"product_tag-tidsentral","20":"first","21":"instock","22":"shipping-taxable","23":"product-type-simple"},"meta_box":[],"_links":{"self":[{"href":"https:\/\/timerecorder.no\/westerstrand\/wp-json\/wp\/v2\/product\/297","targetHints":{"allow":["GET"]}}],"collection":[{"href":"https:\/\/timerecorder.no\/westerstrand\/wp-json\/wp\/v2\/product"}],"about":[{"href":"https:\/\/timerecorder.no\/westerstrand\/wp-json\/wp\/v2\/types\/product"}],"wp:featuredmedia":[{"embeddable":true,"href":"https:\/\/timerecorder.no\/westerstrand\/wp-json\/wp\/v2\/media\/433"}],"wp:attachment":[{"href":"https:\/\/timerecorder.no\/westerstrand\/wp-json\/wp\/v2\/media?parent=297"}],"wp:term":[{"taxonomy":"product_brand","embeddable":true,"href":"https:\/\/timerecorder.no\/westerstrand\/wp-json\/wp\/v2\/product_brand?post=297"},{"taxonomy":"product_cat","embeddable":true,"href":"https:\/\/timerecorder.no\/westerstrand\/wp-json\/wp\/v2\/product_cat?post=297"},{"taxonomy":"product_tag","embeddable":true,"href":"https:\/\/timerecorder.no\/westerstrand\/wp-json\/wp\/v2\/product_tag?post=297"}],"curies":[{"name":"wp","href":"https:\/\/api.w.org\/{rel}","templated":true}]}}