{"id":300,"date":"2023-09-09T12:12:44","date_gmt":"2023-09-09T12:12:44","guid":{"rendered":"https:\/\/timerecorder.no\/westerstrand\/?post_type=product&#038;p=300"},"modified":"2023-09-10T08:50:23","modified_gmt":"2023-09-10T08:50:23","slug":"tidsentral-pro-line-ii","status":"publish","type":"product","link":"https:\/\/timerecorder.no\/westerstrand\/sortiment\/tid\/styresystem\/ntp\/tidsentral-pro-line-ii\/","title":{"rendered":"Tidsentral Pro-line II"},"content":{"rendered":"<p><strong>Generelt<\/strong><br \/>\nWesterstrands tidsentraler er oppbygd rundt ett\u00a0 19\u201d modulkonsept av typen \u201dDistribuert intelligens\u201d som inneb\u00e6rer at alle moduler har sin egen intelligens. Derfor finnes det ingen sentral modul som de andre modulene er avhengig av.<\/p>\n<p>Gjennom dette f\u00e5r man den h\u00f8ye tilf\u00f8righeten og tilgjengeligheten som kreves ved f.eks. et kraftverk eller en flyplass.<\/p>\n<p><strong>Oppbyggingen<\/strong><br \/>\nOppbyggingen skjer i ett 19\u2033 modulsystem med 3HE (h\u00f8ydeenheter). Systemets grunnstamme best\u00e5r av 19\u2033 apparatskuffer for montering i stativ eller \u00e5pent 19\u2033 rack for montering i skap.<\/p>\n<p>Et stort antall ulike moduler, batteripakke og str\u00f8mforsyninger finnes tilgjengelig. Et passivt bakplan tar h\u00e5nd om den interne koblingen og hver modul er av \u201dplug and play\u201d type som inneb\u00e6rer at modulene kan plugges inn og ut under drift uten at \u00f8vrige moduler p\u00e5virkes.<\/p>\n<p><strong>Synkronisering<\/strong><br \/>\nEn prioriteringsliste som lagres i alle modulene angir hvilken modul som de \u00f8vrige skal synkronisere sin tid imot. Om modulen med h\u00f8yest prioritet forsvinner, kommer neste modul i listen \u00e5 ta over. Og om samtlige moduler i listen forsvinner, kommer resterende moduler \u00e5 benytte sin egen innebygde tidsbase.<\/p>\n<p><strong>Fjernstyring<\/strong><br \/>\nTidsentralen kan fjernstyres og konfigureres via Ethernetmodulen som ogs\u00e5 kan benyttes for overv\u00e5king og alarmh\u00e5ndtering.<\/p>\n<p><strong>Programvare<\/strong><br \/>\nWesterstrands program NyTop inng\u00e5r i tidsentralen. Programmet benyttes for \u00e5 sette tiden i en PC med ett Windows-operativsystem. Tiden hentes fra en en NTP-server.<\/p>\n","protected":false},"excerpt":{"rendered":"<p>&#8216;- 19&#8243; modulsystem.<br \/>\n&#8211; Innebygd driftsikkerhet.<br \/>\n&#8211; Kan fjernstyres og konfigureres via Ethernetmodul.<br \/>\n&#8211; Pro-line II<\/p>\n","protected":false},"featured_media":432,"template":"","meta":{"_seopress_robots_primary_cat":"","_seopress_titles_title":"","_seopress_titles_desc":"","_seopress_robots_index":""},"product_brand":[],"product_cat":[36,39,40,65,53,21,59,42,34,43,57],"product_tag":[105,129,128,80,112,107,127],"class_list":{"0":"post-300","1":"product","2":"type-product","3":"status-publish","4":"has-post-thumbnail","6":"product_cat-flyplass","7":"product_cat-industri","8":"product_cat-jernbane","9":"product_cat-ntp","10":"product_cat-sentralur","11":"product_cat-sortiment","12":"product_cat-styresystem","13":"product_cat-sykehus","14":"product_cat-systemlosninger","15":"product_cat-tid","16":"product_cat-tidsentraler","17":"product_tag-industri","18":"product_tag-jernbane","19":"product_tag-ntp","20":"product_tag-sentralur","21":"product_tag-styresystem","22":"product_tag-sykehus","23":"product_tag-tidsentral","25":"first","26":"instock","27":"shipping-taxable","28":"product-type-simple"},"meta_box":[],"_links":{"self":[{"href":"https:\/\/timerecorder.no\/westerstrand\/wp-json\/wp\/v2\/product\/300","targetHints":{"allow":["GET"]}}],"collection":[{"href":"https:\/\/timerecorder.no\/westerstrand\/wp-json\/wp\/v2\/product"}],"about":[{"href":"https:\/\/timerecorder.no\/westerstrand\/wp-json\/wp\/v2\/types\/product"}],"wp:featuredmedia":[{"embeddable":true,"href":"https:\/\/timerecorder.no\/westerstrand\/wp-json\/wp\/v2\/media\/432"}],"wp:attachment":[{"href":"https:\/\/timerecorder.no\/westerstrand\/wp-json\/wp\/v2\/media?parent=300"}],"wp:term":[{"taxonomy":"product_brand","embeddable":true,"href":"https:\/\/timerecorder.no\/westerstrand\/wp-json\/wp\/v2\/product_brand?post=300"},{"taxonomy":"product_cat","embeddable":true,"href":"https:\/\/timerecorder.no\/westerstrand\/wp-json\/wp\/v2\/product_cat?post=300"},{"taxonomy":"product_tag","embeddable":true,"href":"https:\/\/timerecorder.no\/westerstrand\/wp-json\/wp\/v2\/product_tag?post=300"}],"curies":[{"name":"wp","href":"https:\/\/api.w.org\/{rel}","templated":true}]}}