{"id":307,"date":"2023-09-09T12:22:31","date_gmt":"2023-09-09T12:22:31","guid":{"rendered":"https:\/\/timerecorder.no\/westerstrand\/?post_type=product&#038;p=307"},"modified":"2023-09-10T08:51:47","modified_gmt":"2023-09-10T08:51:47","slug":"tidsentral-maritim","status":"publish","type":"product","link":"https:\/\/timerecorder.no\/westerstrand\/sortiment\/tid\/styresystem\/maritim-tidkode\/tidsentral-maritim\/","title":{"rendered":"Tidsentral maritim"},"content":{"rendered":"<p><strong>Generelt<\/strong><br \/>\nDet maritime hoveduret er montert i ett 19\u2033 rack og er en ideell l\u00f8sning for distribusjon av b\u00e5de lokal- og UTC tid ombord p\u00e5 fart\u00f8y.<\/p>\n<p>Hoveduret er utstyrt med 4 stk. impulsutganger for drift av sekund\u00e6rur, og i tillegg med 2 stk. utganger for styring av ulike energiforbrukere. Impulsutgangene kan programmeres individuelt for ulike type klokker.<\/p>\n<p><strong>Ekstern synkronisering<\/strong><br \/>\nDet maritime hoveduret kan ta imot NMEA meldinger og i tillegg kan en ekstern signalmottaker type GPS tilkobles hoveduret.<\/p>\n<p><strong>Omstilling av tidssone<\/strong><br \/>\nHoveduret er utstyrt med 2 stk. knapper; <strong>ADV<\/strong> og <strong>REV <\/strong>som benyttes n\u00e5r fart\u00f8yet passerer en ny tidssone.<\/p>\n<p><strong>Str\u00f8mavbrudd<\/strong><br \/>\nVed et str\u00f8mavbrudd s\u00e5 beholder hoveduret sine innstillinger opp til 30 dager.\u00a0 N\u00e5r str\u00f8mmen kommer tilbake innenfor den tiden, s\u00e5 rettstiller hoveduret automatisk alle klokker i systemet.<\/p>\n<p><strong>Releeutganger<\/strong><br \/>\nTotalt kan 800 styrefunksjoner programmeres over 2 stk utganger. Repetering av daglig funksjon p\u00e5 en viss utgang, kreves kun 1 styrefunksjon.<br \/>\nReleeutgang nr 2 kan dedikeres til \u00e5 sende ut en spesiell puls. N\u00e5r denne funksjonen er aktivert, s\u00e5 kommer utgangen til \u00e5 aktiveres hver dag ved 02:00 UTC i 5 sekunder.<\/p>\n","protected":false},"excerpt":{"rendered":"<p>&#8216;- Klarer \u00e5 distribuere b\u00e5de lokal- og UTC-tid.<br \/>\n&#8211; Analog og digitalt display.<br \/>\n&#8211; Impulsutganger for styring av klokker.<br \/>\n&#8211; Releeutganger for \u00e5 styre vifter, belysning, alarmer, signaler m.m.<br \/>\n&#8211; Maritimt hovedur<\/p>\n","protected":false},"featured_media":434,"template":"","meta":{"_seopress_robots_primary_cat":"","_seopress_titles_title":"","_seopress_titles_desc":"","_seopress_robots_index":""},"product_brand":[],"product_cat":[35,64,53,21,59,34,43,57],"product_tag":[78,130,110,80,112,127],"class_list":{"0":"post-307","1":"product","2":"type-product","3":"status-publish","4":"has-post-thumbnail","6":"product_cat-fartoy","7":"product_cat-maritim-tidkode","8":"product_cat-sentralur","9":"product_cat-sortiment","10":"product_cat-styresystem","11":"product_cat-systemlosninger","12":"product_cat-tid","13":"product_cat-tidsentraler","14":"product_tag-fartoy","15":"product_tag-ip20","16":"product_tag-maritim-tidkode","17":"product_tag-sentralur","18":"product_tag-styresystem","19":"product_tag-tidsentral","21":"first","22":"instock","23":"shipping-taxable","24":"product-type-simple"},"meta_box":[],"_links":{"self":[{"href":"https:\/\/timerecorder.no\/westerstrand\/wp-json\/wp\/v2\/product\/307","targetHints":{"allow":["GET"]}}],"collection":[{"href":"https:\/\/timerecorder.no\/westerstrand\/wp-json\/wp\/v2\/product"}],"about":[{"href":"https:\/\/timerecorder.no\/westerstrand\/wp-json\/wp\/v2\/types\/product"}],"wp:featuredmedia":[{"embeddable":true,"href":"https:\/\/timerecorder.no\/westerstrand\/wp-json\/wp\/v2\/media\/434"}],"wp:attachment":[{"href":"https:\/\/timerecorder.no\/westerstrand\/wp-json\/wp\/v2\/media?parent=307"}],"wp:term":[{"taxonomy":"product_brand","embeddable":true,"href":"https:\/\/timerecorder.no\/westerstrand\/wp-json\/wp\/v2\/product_brand?post=307"},{"taxonomy":"product_cat","embeddable":true,"href":"https:\/\/timerecorder.no\/westerstrand\/wp-json\/wp\/v2\/product_cat?post=307"},{"taxonomy":"product_tag","embeddable":true,"href":"https:\/\/timerecorder.no\/westerstrand\/wp-json\/wp\/v2\/product_tag?post=307"}],"curies":[{"name":"wp","href":"https:\/\/api.w.org\/{rel}","templated":true}]}}