{"id":529,"date":"2023-09-11T19:52:52","date_gmt":"2023-09-11T19:52:52","guid":{"rendered":"https:\/\/timerecorder.no\/westerstrand\/?post_type=product&#038;p=529"},"modified":"2023-10-04T06:59:27","modified_gmt":"2023-10-04T06:59:27","slug":"lumex-innendors","status":"publish","type":"product","link":"https:\/\/timerecorder.no\/westerstrand\/sortiment\/tid\/digitale-ur\/digitale-innendors-ur\/lumex-innendors\/","title":{"rendered":"Lumex &#8211; innend\u00f8rs"},"content":{"rendered":"<p><strong>Generelt<\/strong><br \/>\nDigitalt innend\u00f8rsur med fuderal i svartlakkert aluminium og front i polykarbonat. Finnes med r\u00f8de, gr\u00f8nne eller gule lysdioder.<br \/>\nDigitaluret har innebygd dimmer som reguleres automatiskt.<\/p>\n<p>Gjennom programmering kan man veksle visningsmodus mellom tid\/ dato \/ temperatur. (For visning av lufttemperatur kreves en temperaturf\u00f8ler \u2013 kj\u00f8pes separat).<\/p>\n<p>Med opsjon kan digitaluret ogs\u00e5 benyttes som kronometer.<\/p>\n<p><strong>Styresystem<\/strong><br \/>\nKlokken kan f\u00e5s med\u00a0 <a href=\"https:\/\/www.timerecorder.no\/westerstrand\/sortiment\/produktkategori\/tid\/styresystem\/impuls\/\"><strong>Impuls<\/strong><\/a>,\u00a0<a href=\"http:\/\/www.timerecorder.no\/westerstrand\/sortiment\/produktkategori\/tid\/styresystem\/tidkode\/\"><strong>Tidkode<\/strong><\/a>,\u00a0<a href=\"https:\/\/www.timerecorder.no\/westerstrand\/sortiment\/produktkategori\/tid\/styresystem\/ntp\/\"><strong>NTP<\/strong><\/a>,\u00a0<a href=\"https:\/\/www.timerecorder.no\/westerstrand\/sortiment\/produktkategori\/tid\/styresystem\/tradlost\/\"><strong>Tr\u00e5dl\u00f8st,<\/strong><\/a>\u00a0<a href=\"https:\/\/www.timerecorder.no\/westerstrand\/sortiment\/produktkategori\/tid\/styresystem\/frittstaende\/\"><strong>Frittst\u00e5ende<\/strong><\/a>\u00a0eller\u00a0<a href=\"https:\/\/www.timerecorder.no\/westerstrand\/sortiment\/produktkategori\/tid\/styresystem\/maritim-tidkode\/\"><strong>Maritim Tidkode<\/strong><\/a>. (Maritim Tidkode er kun tilgjengelig p\u00e5 Lumex 5 og Lumex 7)<\/p>\n<p><strong>Montering<\/strong><br \/>\nEnkelsidig for veggmontering eller dobbelsidig med konsoll for enten vegg eller takmontering. Lumex 5 og Lumex 7 kan ogs\u00e5 f\u00e5s med innfelt montering.<\/p>\n<p><strong>Str\u00f8mavbrudd<\/strong><br \/>\nVed str\u00f8mavbrudd slukkes lysdiodene. En intern klokke regner tiden i ca 48 timer. N\u00e5r str\u00f8mforsyningen gjenopprettes tennes lysdiodene og digitalklokken viser riktig tid.<\/p>\n<p><strong>Tegnh\u00f8yde<\/strong><br \/>\nLumex 5 \u2013 50 mm<br \/>\nLumex 7 \u2013 70 mm<br \/>\nLumex 12 \u2013 120 mm<\/p>\n","protected":false},"excerpt":{"rendered":"<p>&#8216;- Futteral i svartlakkert aluminium.<br \/>\n&#8211; Front i polykarbonat.<br \/>\n&#8211; Lysdioder finnes i r\u00f8dt, gr\u00f8nt eller gult.<br \/>\n&#8211; Innebygd dimmer.<br \/>\n&#8211; Lumex 5, Lumex 7 og Lumex 12<\/p>\n","protected":false},"featured_media":530,"template":"","meta":{"_seopress_robots_primary_cat":"","_seopress_titles_title":"","_seopress_titles_desc":"","_seopress_robots_index":""},"product_brand":[],"product_cat":[48,47,35,36,60,62,39,51,64,65,21,59,42,34,43,67,68],"product_tag":[103,78,104,138,109,105,113,139,137,110,128,107,133,94],"class_list":{"0":"post-529","1":"product","2":"type-product","3":"status-publish","4":"has-post-thumbnail","6":"product_cat-digitale-innendors-ur","7":"product_cat-digitale-ur","8":"product_cat-fartoy","9":"product_cat-flyplass","10":"product_cat-frittstaende-ur","11":"product_cat-impuls","12":"product_cat-industri","13":"product_cat-innendors-ur","14":"product_cat-maritim-tidkode","15":"product_cat-ntp","16":"product_cat-sortiment","17":"product_cat-styresystem","18":"product_cat-sykehus","19":"product_cat-systemlosninger","20":"product_cat-tid","21":"product_cat-tidkode","22":"product_cat-tradlost","23":"product_tag-digitale-ur","24":"product_tag-fartoy","25":"product_tag-flyplass","26":"product_tag-frittstaende-ur","27":"product_tag-impuls","28":"product_tag-industri","29":"product_tag-innendors-ur","30":"product_tag-ip30","31":"product_tag-lumex","32":"product_tag-maritim-tidkode","33":"product_tag-ntp","34":"product_tag-sykehus","35":"product_tag-tidkode","36":"product_tag-tradlost","38":"first","39":"instock","40":"shipping-taxable","41":"product-type-simple"},"meta_box":[],"_links":{"self":[{"href":"https:\/\/timerecorder.no\/westerstrand\/wp-json\/wp\/v2\/product\/529","targetHints":{"allow":["GET"]}}],"collection":[{"href":"https:\/\/timerecorder.no\/westerstrand\/wp-json\/wp\/v2\/product"}],"about":[{"href":"https:\/\/timerecorder.no\/westerstrand\/wp-json\/wp\/v2\/types\/product"}],"wp:featuredmedia":[{"embeddable":true,"href":"https:\/\/timerecorder.no\/westerstrand\/wp-json\/wp\/v2\/media\/530"}],"wp:attachment":[{"href":"https:\/\/timerecorder.no\/westerstrand\/wp-json\/wp\/v2\/media?parent=529"}],"wp:term":[{"taxonomy":"product_brand","embeddable":true,"href":"https:\/\/timerecorder.no\/westerstrand\/wp-json\/wp\/v2\/product_brand?post=529"},{"taxonomy":"product_cat","embeddable":true,"href":"https:\/\/timerecorder.no\/westerstrand\/wp-json\/wp\/v2\/product_cat?post=529"},{"taxonomy":"product_tag","embeddable":true,"href":"https:\/\/timerecorder.no\/westerstrand\/wp-json\/wp\/v2\/product_tag?post=529"}],"curies":[{"name":"wp","href":"https:\/\/api.w.org\/{rel}","templated":true}]}}