{"id":547,"date":"2023-09-12T08:18:26","date_gmt":"2023-09-12T08:18:26","guid":{"rendered":"https:\/\/timerecorder.no\/westerstrand\/?post_type=product&#038;p=547"},"modified":"2023-10-04T06:58:45","modified_gmt":"2023-10-04T06:58:45","slug":"lumex-med-sekund-innendors","status":"publish","type":"product","link":"https:\/\/timerecorder.no\/westerstrand\/sortiment\/tid\/digitale-ur\/digitale-innendors-ur\/lumex-med-sekund-innendors\/","title":{"rendered":"Lumex med sekund &#8211; innend\u00f8rs"},"content":{"rendered":"<p><strong>Generelt<\/strong><br \/>\nDigitalt innend\u00f8rsur med fuderal i svartlakkert aluminium og front i polykarbonat. Finnes med r\u00f8de, gr\u00f8nne eller gule lysdioder.<br \/>\nDigitaluret har inbyggd dimmer som regleras automatiskt.<\/p>\n<p>Gjennom programmering kan man veksle visningsmodus mellom tid\/ dato \/ temperatur. (For visning av lufttemperatur kreves en temperaturf\u00f8ler \u2013 kj\u00f8pes separat).<\/p>\n<p>Med opsjon kan digitaluret ogs\u00e5 benyttes som kronometer.<\/p>\n<p><strong>Styresystem<\/strong><br \/>\nKlokken kan f\u00e5s med <a href=\"https:\/\/www.timerecorder.no\/westerstrand\/sortiment\/produktkategori\/tid\/styresystem\/impuls\/\"><strong>Impuls<\/strong><\/a>,<a href=\"https:\/\/www.timerecorder.no\/westerstrand\/sortiment\/produktkategori\/tid\/styresystem\/tidkode\/\"><strong> Tidkode<\/strong><\/a>,\u00a0<a href=\"https:\/\/www.timerecorder.no\/westerstrand\/sortiment\/produktkategori\/tid\/styresystem\/ntp\/\"><strong>NTP<\/strong><\/a>,\u00a0<a href=\"https:\/\/www.timerecorder.no\/westerstrand\/sortiment\/produktkategori\/tid\/styresystem\/tradlost\/\"><strong>Tr\u00e5dl\u00f8st<\/strong><\/a>\u00a0eller som\u00a0<a href=\"https:\/\/www.timerecorder.no\/westerstrand\/sortiment\/produktkategori\/tid\/styresystem\/frittstaende\/\"><strong>Frittst\u00e5ende<\/strong><\/a>. (Tr\u00e5dl\u00f8st er kun tilgjengelig p\u00e5 Lumex 5S og Lumex 7S).<\/p>\n<p><strong>Montering<\/strong><br \/>\nEnkelsidig for veggmontering eller dobbelsidig med konsoll for enten vegg eller takmontering. Lumex 5S og Lumex 7S kan f\u00e5s med innfelt montering<\/p>\n<p><strong>Str\u00f8mavbrudd<\/strong><br \/>\nVed str\u00f8mavbrudd slukkes lysdiodene. En intern klokke regner tiden i ca 48 timer. N\u00e5r str\u00f8mforsyningen gjenopprettes tennes lysdiodene og digitalklokken viser riktig tid.<\/p>\n<p><strong>Tegnh\u00f8yde<\/strong><br \/>\nLumex 5S \u2013 50\/35 mm<br \/>\nLumex 7S \u2013 70\/50 mm<br \/>\nLumex 12S \u2013 120\/100 mm<\/p>\n","protected":false},"excerpt":{"rendered":"<p>&#8216;- Futteral i svartlakkert aluminium.<br \/>\n&#8211; Front i polykarbonat.<br \/>\n&#8211; Lysdioder finnes i r\u00f8dt, gr\u00f8nt eller gult.<br \/>\n&#8211; Innebygd dimmer.<br \/>\n&#8211; Lumex 5S, Lumex 7S og Lumex 12S<\/p>\n","protected":false},"featured_media":548,"template":"","meta":{"_seopress_robots_primary_cat":"","_seopress_titles_title":"","_seopress_titles_desc":"","_seopress_robots_index":""},"product_brand":[],"product_cat":[48,47,36,60,62,39,51,65,21,59,42,34,43,67,68],"product_tag":[103,104,138,109,105,113,128,112,133,94],"class_list":{"0":"post-547","1":"product","2":"type-product","3":"status-publish","4":"has-post-thumbnail","6":"product_cat-digitale-innendors-ur","7":"product_cat-digitale-ur","8":"product_cat-flyplass","9":"product_cat-frittstaende-ur","10":"product_cat-impuls","11":"product_cat-industri","12":"product_cat-innendors-ur","13":"product_cat-ntp","14":"product_cat-sortiment","15":"product_cat-styresystem","16":"product_cat-sykehus","17":"product_cat-systemlosninger","18":"product_cat-tid","19":"product_cat-tidkode","20":"product_cat-tradlost","21":"product_tag-digitale-ur","22":"product_tag-flyplass","23":"product_tag-frittstaende-ur","24":"product_tag-impuls","25":"product_tag-industri","26":"product_tag-innendors-ur","27":"product_tag-ntp","28":"product_tag-styresystem","29":"product_tag-tidkode","30":"product_tag-tradlost","32":"first","33":"instock","34":"shipping-taxable","35":"product-type-simple"},"meta_box":[],"_links":{"self":[{"href":"https:\/\/timerecorder.no\/westerstrand\/wp-json\/wp\/v2\/product\/547","targetHints":{"allow":["GET"]}}],"collection":[{"href":"https:\/\/timerecorder.no\/westerstrand\/wp-json\/wp\/v2\/product"}],"about":[{"href":"https:\/\/timerecorder.no\/westerstrand\/wp-json\/wp\/v2\/types\/product"}],"wp:featuredmedia":[{"embeddable":true,"href":"https:\/\/timerecorder.no\/westerstrand\/wp-json\/wp\/v2\/media\/548"}],"wp:attachment":[{"href":"https:\/\/timerecorder.no\/westerstrand\/wp-json\/wp\/v2\/media?parent=547"}],"wp:term":[{"taxonomy":"product_brand","embeddable":true,"href":"https:\/\/timerecorder.no\/westerstrand\/wp-json\/wp\/v2\/product_brand?post=547"},{"taxonomy":"product_cat","embeddable":true,"href":"https:\/\/timerecorder.no\/westerstrand\/wp-json\/wp\/v2\/product_cat?post=547"},{"taxonomy":"product_tag","embeddable":true,"href":"https:\/\/timerecorder.no\/westerstrand\/wp-json\/wp\/v2\/product_tag?post=547"}],"curies":[{"name":"wp","href":"https:\/\/api.w.org\/{rel}","templated":true}]}}