{"id":553,"date":"2023-09-12T10:22:21","date_gmt":"2023-09-12T10:22:21","guid":{"rendered":"https:\/\/timerecorder.no\/westerstrand\/?post_type=product&#038;p=553"},"modified":"2023-10-04T06:57:11","modified_gmt":"2023-10-04T06:57:11","slug":"lumex-innendors-utendors","status":"publish","type":"product","link":"https:\/\/timerecorder.no\/westerstrand\/sortiment\/tid\/digitale-ur\/digitale-innendors-ur\/lumex-innendors-utendors\/","title":{"rendered":"Lumex &#8211; Innend\u00f8rs\/utend\u00f8rs"},"content":{"rendered":"<p><b>Generelt<\/b><\/p>\n<p>Digitalt innend\u00f8rsur med fudural i svartlakkert aluminium og front i polykarbonat. Finnes med r\u00f8de, gr\u00f8nne (kun innend\u00f8rs) eller gule lysdioder.<br \/>\nDigitaluret har innebygd dimmer som reguleres automatiskt (kun utend\u00f8rs utgaven).<\/p>\n<p>Gjennom programmering g\u00e5r det \u00e5 veksle visningmodus mellom tid\/ dato \/ temperatur. (For visning av lufttemperatur kreves en temperaturf\u00f8ler\u2013 kj\u00f8pes separat).<br \/>\nProgrammering gj\u00f8res enten via tr\u00e5dl\u00f8s fjernkontroll eller med 3st trykknapper p\u00e5 klokken.<\/p>\n<p>Med opsjon kan digitaluret ogs\u00e5 benyttes som kronometer.<\/p>\n<p><strong>Styresystem<\/strong><br \/>\nKlokken kan f\u00e5s med <a href=\"https:\/\/www.timerecorder.no\/westerstrand\/sortiment\/produktkategori\/tid\/styresystem\/impuls\/\"><strong>Impuls<\/strong><\/a>,\u00a0<a href=\"https:\/\/www.timerecorder.no\/westerstrand\/sortiment\/produktkategori\/tid\/styresystem\/tidkode\/\"><b>Tidkode<\/b><\/a>\u00a0eller som\u00a0<a href=\"https:\/\/www.timerecorder.no\/westerstrand\/sortiment\/produktkategori\/tid\/styresystem\/frittstaende\/\"><strong>Frittst\u00e5ende<\/strong><\/a>.<\/p>\n<p><strong>Montering<\/strong><br \/>\nEnkelsidig for veggmontering eller dobbelsidig med konsoll for takmontering.<\/p>\n<p><strong>Str\u00f8mavbrudd<\/strong><br \/>\nVed str\u00f8mavbrudd slukkes lysdiodene. En intern klokke regner tiden i ca 48 timer. N\u00e5r str\u00f8mforsyningen gjenopprettes tennes lysdiodene og digitalklokken viser riktig tid.<\/p>\n<p><strong>Tegnh\u00f8yde<\/strong><br \/>\nLumex 15 \u2013 150 mm<br \/>\nLumex 19 \u2013 190 mm<br \/>\nLumex 25 \u2013 250 mm<br \/>\nLumex 30 \u2013 300 mm<br \/>\nLumex 45 \u2013 450 mm<\/p>\n","protected":false},"excerpt":{"rendered":"<p>&#8216;- Futteral i svartlakkert aluminium.<br \/>\n&#8211; Front i polykarbonat.<br \/>\n&#8211; Lysdioder finnes i r\u00f8dt, gr\u00f8nt eller gult.<br \/>\n&#8211; Innebygd dimmer (utend\u00f8rs versjonen).<br \/>\n&#8211; Lumex 15, Lumex 19, Lumex 25, Lumex 30 og Lumex 45.<\/p>\n","protected":false},"featured_media":554,"template":"","meta":{"_seopress_robots_primary_cat":"","_seopress_titles_title":"","_seopress_titles_desc":"","_seopress_robots_index":""},"product_brand":[],"product_cat":[48,47,49,60,62,51,21,59,43,67,70],"product_tag":[103,138,109,113,112,133,134],"class_list":{"0":"post-553","1":"product","2":"type-product","3":"status-publish","4":"has-post-thumbnail","6":"product_cat-digitale-innendors-ur","7":"product_cat-digitale-ur","8":"product_cat-digitale-utendors-ur","9":"product_cat-frittstaende-ur","10":"product_cat-impuls","11":"product_cat-innendors-ur","12":"product_cat-sortiment","13":"product_cat-styresystem","14":"product_cat-tid","15":"product_cat-tidkode","16":"product_cat-utendors-ur","17":"product_tag-digitale-ur","18":"product_tag-frittstaende-ur","19":"product_tag-impuls","20":"product_tag-innendors-ur","21":"product_tag-styresystem","22":"product_tag-tidkode","23":"product_tag-utendors-ur","25":"first","26":"instock","27":"shipping-taxable","28":"product-type-simple"},"meta_box":[],"_links":{"self":[{"href":"https:\/\/timerecorder.no\/westerstrand\/wp-json\/wp\/v2\/product\/553","targetHints":{"allow":["GET"]}}],"collection":[{"href":"https:\/\/timerecorder.no\/westerstrand\/wp-json\/wp\/v2\/product"}],"about":[{"href":"https:\/\/timerecorder.no\/westerstrand\/wp-json\/wp\/v2\/types\/product"}],"wp:featuredmedia":[{"embeddable":true,"href":"https:\/\/timerecorder.no\/westerstrand\/wp-json\/wp\/v2\/media\/554"}],"wp:attachment":[{"href":"https:\/\/timerecorder.no\/westerstrand\/wp-json\/wp\/v2\/media?parent=553"}],"wp:term":[{"taxonomy":"product_brand","embeddable":true,"href":"https:\/\/timerecorder.no\/westerstrand\/wp-json\/wp\/v2\/product_brand?post=553"},{"taxonomy":"product_cat","embeddable":true,"href":"https:\/\/timerecorder.no\/westerstrand\/wp-json\/wp\/v2\/product_cat?post=553"},{"taxonomy":"product_tag","embeddable":true,"href":"https:\/\/timerecorder.no\/westerstrand\/wp-json\/wp\/v2\/product_tag?post=553"}],"curies":[{"name":"wp","href":"https:\/\/api.w.org\/{rel}","templated":true}]}}