{"id":564,"date":"2023-09-12T11:16:47","date_gmt":"2023-09-12T11:16:47","guid":{"rendered":"https:\/\/timerecorder.no\/westerstrand\/?post_type=product&#038;p=564"},"modified":"2025-08-05T11:38:59","modified_gmt":"2025-08-05T09:38:59","slug":"t-t-led-utendors","status":"publish","type":"product","link":"https:\/\/timerecorder.no\/westerstrand\/sortiment\/tid\/digitale-ur\/digitale-innendors-ur\/t-t-led-utendors\/","title":{"rendered":"T\/T LED &#8211; Utend\u00f8rs"},"content":{"rendered":"<p><strong>Generelt<\/strong><br \/>\nDigitalt innend\u00f8rsur med fuderal i svartlakkert aluminium og front i polykarbonat. Finnes med r\u00f8de lysdioder .<br \/>\nDigitaluret har innebygd dimmer som reguleres automatiskt.<\/p>\n<p>Gjennom programmering g\u00e5r det \u00e5 veksle visningsmodus mellom tid \/dato\/ temperatur. (Temperatursensor for visning av lufttemperatur f\u00f8lger med).<br \/>\nProgrammering gj\u00f8res enten via tr\u00e5dl\u00f8s fjernkontroll eller med 3st trykknapper p\u00e5 klokken.<\/p>\n<p>Med opsjon kan digitaluret ogs\u00e5 benyttes som kronometer.<\/p>\n<p><strong>Styresystem<\/strong><br \/>\nKlokken kan f\u00e5s med <a href=\"https:\/\/www.timerecorder.no\/westerstrand\/sortiment\/produktkategori\/tid\/styresystem\/impuls\/\"><strong>Impuls<\/strong><\/a>,\u00a0<a href=\"https:\/\/www.timerecorder.no\/westerstrand\/sortiment\/produktkategori\/tid\/styresystem\/tidkode\/\"><b>Tidkode<\/b><\/a>\u00a0eller som\u00a0<a href=\"https:\/\/www.timerecorder.no\/westerstrand\/sortiment\/produktkategori\/tid\/styresystem\/frittstaende\/\"><strong>Frittst\u00e5ende<\/strong><\/a>.<\/p>\n<p><strong>Montering<\/strong><br \/>\nEnkelsidig med konsoll for st\u00e5ende, hengende eller montering p\u00e5 vegg.<\/p>\n<p><strong>Str\u00f8mavbrudd<\/strong><br \/>\nVed str\u00f8mavbrudd slukkes lysdiodene.\u00a0 En intern klokke regner opp tiden i ca 48 timer. N\u00e5r\u00a0 str\u00f8mforsyningen gjenopprettes tennes lysdiodene og digitalklokken viser riktig tid.<\/p>\n<p><strong>Tegnh\u00f8yde<\/strong><br \/>\nT\/T LED 15 \u2013 150 mm<br \/>\nT\/T LED 19 \u2013 190 mm<br \/>\nT\/T LED 25 \u2013 250 mm<br \/>\nT\/T LED 30 \u2013 300 mm<br \/>\nT\/T LED 45 \u2013 450 mm<\/p>\n","protected":false},"excerpt":{"rendered":"<p>&#8216;- Futteral i svartlakkert aluminium.<br \/>\n&#8211; Front i polykarbonat.<br \/>\n&#8211; Lysdioder i r\u00f8dt.<br \/>\n&#8211; Innebygd dimmer.<br \/>\n&#8211; T\/T LED 15, T\/T LED 19, T\/T LED 25, T\/T LED 30, T\/T LED 45<\/p>\n","protected":false},"featured_media":940,"template":"","meta":{"_seopress_robots_primary_cat":"none","_seopress_titles_title":"","_seopress_titles_desc":"","_seopress_robots_index":""},"product_brand":[],"product_cat":[48,47,49,60,62,39,21,59,34,43,67,70],"product_tag":[103,138,109,105,112,133,134],"class_list":{"0":"post-564","1":"product","2":"type-product","3":"status-publish","4":"has-post-thumbnail","6":"product_cat-digitale-innendors-ur","7":"product_cat-digitale-ur","8":"product_cat-digitale-utendors-ur","9":"product_cat-frittstaende-ur","10":"product_cat-impuls","11":"product_cat-industri","12":"product_cat-sortiment","13":"product_cat-styresystem","14":"product_cat-systemlosninger","15":"product_cat-tid","16":"product_cat-tidkode","17":"product_cat-utendors-ur","18":"product_tag-digitale-ur","19":"product_tag-frittstaende-ur","20":"product_tag-impuls","21":"product_tag-industri","22":"product_tag-styresystem","23":"product_tag-tidkode","24":"product_tag-utendors-ur","26":"first","27":"instock","28":"shipping-taxable","29":"product-type-simple"},"meta_box":[],"_links":{"self":[{"href":"https:\/\/timerecorder.no\/westerstrand\/wp-json\/wp\/v2\/product\/564","targetHints":{"allow":["GET"]}}],"collection":[{"href":"https:\/\/timerecorder.no\/westerstrand\/wp-json\/wp\/v2\/product"}],"about":[{"href":"https:\/\/timerecorder.no\/westerstrand\/wp-json\/wp\/v2\/types\/product"}],"wp:featuredmedia":[{"embeddable":true,"href":"https:\/\/timerecorder.no\/westerstrand\/wp-json\/wp\/v2\/media\/940"}],"wp:attachment":[{"href":"https:\/\/timerecorder.no\/westerstrand\/wp-json\/wp\/v2\/media?parent=564"}],"wp:term":[{"taxonomy":"product_brand","embeddable":true,"href":"https:\/\/timerecorder.no\/westerstrand\/wp-json\/wp\/v2\/product_brand?post=564"},{"taxonomy":"product_cat","embeddable":true,"href":"https:\/\/timerecorder.no\/westerstrand\/wp-json\/wp\/v2\/product_cat?post=564"},{"taxonomy":"product_tag","embeddable":true,"href":"https:\/\/timerecorder.no\/westerstrand\/wp-json\/wp\/v2\/product_tag?post=564"}],"curies":[{"name":"wp","href":"https:\/\/api.w.org\/{rel}","templated":true}]}}