{"id":590,"date":"2023-09-12T12:02:56","date_gmt":"2023-09-12T12:02:56","guid":{"rendered":"https:\/\/timerecorder.no\/westerstrand\/?post_type=product&#038;p=590"},"modified":"2023-09-12T12:02:56","modified_gmt":"2023-09-12T12:02:56","slug":"resultattavle-modul-f1-led","status":"publish","type":"product","link":"https:\/\/timerecorder.no\/westerstrand\/sortiment\/sport\/sportspesifikk\/bandy-fotball-rugby\/resultattavle-modul-f1-led\/","title":{"rendered":"Resultattavle Modul F1-LED"},"content":{"rendered":"<p><strong>Generelt<\/strong><br \/>\nResultattavle med siffer av lysdioder i SMD-teknikk. Designet gj\u00f8r at den passer utmerket for bla. fotball og bandy.<br \/>\nTavlen styres via en kablet eller radiostyrt styreenhet.<br \/>\nViser resultat og matchtid for p\u00e5g\u00e5ende match med ekstra sterke lysdioder for utend\u00f8rsbruk.<\/p>\n<p>Resultattavlen kan ogs\u00e5 kompletteres med tilleggsmoduler for resultat av andre matcher, reelltid, matrise for tekstinformasjon og fast reklame.<\/p>\n<p><strong>Resultat<\/strong><br \/>\n00-99 (to siffer pr. lag).<\/p>\n<p><strong>Match\/Spilletid<\/strong><br \/>\nOpp- eller nedtelling vises med fire siffer, min og sek.<br \/>\nLokaltid kan vises n\u00e5r ingen match p\u00e5g\u00e5r.<\/p>\n<p><strong>Tegnh\u00f8yde<\/strong><br \/>\n450 mm<\/p>\n","protected":false},"excerpt":{"rendered":"<p>&#8216;- Tydelig resultattavle for mindre arenaer.<br \/>\n&#8211; Siffer av ekstra sterke lysdioder for utend\u00f8rsbruk.<br \/>\n&#8211; Resultattavlen kan styres via radiostyrt eller kablet styreenhet.<br \/>\n&#8211; G\u00e5r og kombinere med ulike tilleggsmoduler.<\/p>\n","protected":false},"featured_media":592,"template":"","meta":{"_seopress_robots_primary_cat":"","_seopress_titles_title":"","_seopress_titles_desc":"","_seopress_robots_index":""},"product_brand":[],"product_cat":[27,37,23,21,22,26,34],"product_tag":[99,142,100],"class_list":{"0":"post-590","1":"product","2":"type-product","3":"status-publish","4":"has-post-thumbnail","6":"product_cat-bandy-fotball-rugby","7":"product_cat-fotballarena","8":"product_cat-resultattavler","9":"product_cat-sortiment","10":"product_cat-sport","11":"product_cat-sportspesifikk","12":"product_cat-systemlosninger","13":"product_tag-fotballarena","14":"product_tag-modul-f1-led","15":"product_tag-resultattavle","17":"first","18":"instock","19":"shipping-taxable","20":"product-type-simple"},"meta_box":[],"_links":{"self":[{"href":"https:\/\/timerecorder.no\/westerstrand\/wp-json\/wp\/v2\/product\/590","targetHints":{"allow":["GET"]}}],"collection":[{"href":"https:\/\/timerecorder.no\/westerstrand\/wp-json\/wp\/v2\/product"}],"about":[{"href":"https:\/\/timerecorder.no\/westerstrand\/wp-json\/wp\/v2\/types\/product"}],"wp:featuredmedia":[{"embeddable":true,"href":"https:\/\/timerecorder.no\/westerstrand\/wp-json\/wp\/v2\/media\/592"}],"wp:attachment":[{"href":"https:\/\/timerecorder.no\/westerstrand\/wp-json\/wp\/v2\/media?parent=590"}],"wp:term":[{"taxonomy":"product_brand","embeddable":true,"href":"https:\/\/timerecorder.no\/westerstrand\/wp-json\/wp\/v2\/product_brand?post=590"},{"taxonomy":"product_cat","embeddable":true,"href":"https:\/\/timerecorder.no\/westerstrand\/wp-json\/wp\/v2\/product_cat?post=590"},{"taxonomy":"product_tag","embeddable":true,"href":"https:\/\/timerecorder.no\/westerstrand\/wp-json\/wp\/v2\/product_tag?post=590"}],"curies":[{"name":"wp","href":"https:\/\/api.w.org\/{rel}","templated":true}]}}