{"id":593,"date":"2023-09-12T12:06:20","date_gmt":"2023-09-12T12:06:20","guid":{"rendered":"https:\/\/timerecorder.no\/westerstrand\/?post_type=product&#038;p=593"},"modified":"2023-09-12T12:07:06","modified_gmt":"2023-09-12T12:07:06","slug":"temperaturdisplay","status":"publish","type":"product","link":"https:\/\/timerecorder.no\/westerstrand\/sortiment\/display\/temperatur\/temperaturdisplay\/","title":{"rendered":"Temperaturdisplay"},"content":{"rendered":"<p>Digitale displayer tilpasset for \u00e5 klare ulike omgivende milj\u00f8er.<br \/>\nDen h\u00f8ye kontrasten og lysstyrken muliggj\u00f8r tydelig visning selv p\u00e5 lange avstander i sterkt sollys.<\/p>\n","protected":false},"excerpt":{"rendered":"<p>Digitale displayer tilpasset for \u00e5 klare ulike omgivende milj\u00f8er.<br \/>\nDen h\u00f8ye kontrasten og lysstyrken muliggj\u00f8r tydelig visning selv p\u00e5 lange avstander i sterkt sollys.<\/p>\n","protected":false},"featured_media":595,"template":"","meta":{"_seopress_robots_primary_cat":"","_seopress_titles_title":"","_seopress_titles_desc":"","_seopress_robots_index":""},"product_brand":[],"product_cat":[16,21,20],"product_tag":[143,144],"class_list":{"0":"post-593","1":"product","2":"type-product","3":"status-publish","4":"has-post-thumbnail","6":"product_cat-display","7":"product_cat-sortiment","8":"product_cat-temperatur","9":"product_tag-display","10":"product_tag-temperaturdisplay","12":"first","13":"instock","14":"shipping-taxable","15":"product-type-simple"},"meta_box":[],"_links":{"self":[{"href":"https:\/\/timerecorder.no\/westerstrand\/wp-json\/wp\/v2\/product\/593","targetHints":{"allow":["GET"]}}],"collection":[{"href":"https:\/\/timerecorder.no\/westerstrand\/wp-json\/wp\/v2\/product"}],"about":[{"href":"https:\/\/timerecorder.no\/westerstrand\/wp-json\/wp\/v2\/types\/product"}],"wp:featuredmedia":[{"embeddable":true,"href":"https:\/\/timerecorder.no\/westerstrand\/wp-json\/wp\/v2\/media\/595"}],"wp:attachment":[{"href":"https:\/\/timerecorder.no\/westerstrand\/wp-json\/wp\/v2\/media?parent=593"}],"wp:term":[{"taxonomy":"product_brand","embeddable":true,"href":"https:\/\/timerecorder.no\/westerstrand\/wp-json\/wp\/v2\/product_brand?post=593"},{"taxonomy":"product_cat","embeddable":true,"href":"https:\/\/timerecorder.no\/westerstrand\/wp-json\/wp\/v2\/product_cat?post=593"},{"taxonomy":"product_tag","embeddable":true,"href":"https:\/\/timerecorder.no\/westerstrand\/wp-json\/wp\/v2\/product_tag?post=593"}],"curies":[{"name":"wp","href":"https:\/\/api.w.org\/{rel}","templated":true}]}}