{"id":627,"date":"2023-09-12T12:24:50","date_gmt":"2023-09-12T12:24:50","guid":{"rendered":"https:\/\/timerecorder.no\/westerstrand\/?post_type=product&#038;p=627"},"modified":"2023-10-04T06:50:40","modified_gmt":"2023-10-04T06:50:40","slug":"fasadeur-tarnur","status":"publish","type":"product","link":"https:\/\/timerecorder.no\/westerstrand\/sortiment\/tid\/analoge-ur\/analoge-utendors-ur\/fasadeur-tarnur\/","title":{"rendered":"Fasadeur\/t\u00e5rnur"},"content":{"rendered":"<p class=\"font_8\">Komplett fasadeur som best\u00e5r av motorverk, visere med b\u00f8ssinger og timetegn. Motorverket kan leveres for innfelling i front eller med aksel gjennom vegg. Urtavlen leveres i standardutf\u00f8relse med l\u00f8se timetegn som monteres direkte p\u00e5 fasaden. Timetegn leveres i kraftig galvanisert metall med distanser\u00f8r mot veggen.\u00a0Monteres med treskruer fra forsiden.<\/p>\n<p class=\"font_8\">Visere produseres i samme materiale og lakkeres i standardutf\u00f8relse hvit eller sort farge. Urtavle garnityren leveres som standard tilpasset en diameter p\u00e5 inntil 2.000 mm. Spesialutf\u00f8relser i \u00f8nsket farge og utf\u00f8relse kan leveres som opsjon.<\/p>\n<p class=\"font_8\">Motorverkene kan ogs\u00e5 leveres i en kraftigere utf\u00f8relse tilpasset skivediameter inntil 4.000 mm. Ved behov kan de leveres med sleperinger for neonvisere.<\/p>\n","protected":false},"excerpt":{"rendered":"<p class=\"p1\"><b>Generelt<\/b><br \/>\nFasade\/T\u00e5rnur for skoler, offentlige bygninger, t\u00e5rnur, reklameur og lignende.<br \/>\nDrives av fasademotorverk type LMV (Max. \u00d82000 mm) eller GMV (Max. \u00d84000 mm.). For opplyste tegn kreves motorverk GMV-Neon.<\/p>\n<p class=\"p1\">Finnes med urtavletegn og visere i standardutf\u00f8relse, men kan tilpasses utifra kundens \u00f8nske.<\/p>\n<p class=\"p1\"><b>Styresystem<\/b><br \/>\nUret kan bare f\u00e5s med <a href=\"http:\/\/westerstrand.test\/sortiment\/produktkategori\/tid\/styresystem\/impuls\/\"><span class=\"s1\"><b>Impuls<\/b><\/span><\/a>.<\/p>\n<p class=\"p1\"><b>Montering<\/b><br \/>\nTegn og visere monteres direkte p\u00e5 fasaden.<\/p>\n","protected":false},"featured_media":644,"template":"","meta":{"_seopress_robots_primary_cat":"","_seopress_titles_title":"","_seopress_titles_desc":"","_seopress_robots_index":""},"product_brand":[],"product_cat":[44,46,50,62,39,41,21,59,34,43,70],"product_tag":[77,148,109,105,125,112,149,134],"class_list":{"0":"post-627","1":"product","2":"type-product","3":"status-publish","4":"has-post-thumbnail","6":"product_cat-analoge-ur","7":"product_cat-analoge-utendors-ur","8":"product_cat-fasadeur","9":"product_cat-impuls","10":"product_cat-industri","11":"product_cat-skole","12":"product_cat-sortiment","13":"product_cat-styresystem","14":"product_cat-systemlosninger","15":"product_cat-tid","16":"product_cat-utendors-ur","17":"product_tag-analoge-ur","18":"product_tag-fasadeur","19":"product_tag-impuls","20":"product_tag-industri","21":"product_tag-skole","22":"product_tag-styresystem","23":"product_tag-tarnur","24":"product_tag-utendors-ur","26":"first","27":"instock","28":"shipping-taxable","29":"product-type-simple"},"meta_box":[],"_links":{"self":[{"href":"https:\/\/timerecorder.no\/westerstrand\/wp-json\/wp\/v2\/product\/627","targetHints":{"allow":["GET"]}}],"collection":[{"href":"https:\/\/timerecorder.no\/westerstrand\/wp-json\/wp\/v2\/product"}],"about":[{"href":"https:\/\/timerecorder.no\/westerstrand\/wp-json\/wp\/v2\/types\/product"}],"wp:featuredmedia":[{"embeddable":true,"href":"https:\/\/timerecorder.no\/westerstrand\/wp-json\/wp\/v2\/media\/644"}],"wp:attachment":[{"href":"https:\/\/timerecorder.no\/westerstrand\/wp-json\/wp\/v2\/media?parent=627"}],"wp:term":[{"taxonomy":"product_brand","embeddable":true,"href":"https:\/\/timerecorder.no\/westerstrand\/wp-json\/wp\/v2\/product_brand?post=627"},{"taxonomy":"product_cat","embeddable":true,"href":"https:\/\/timerecorder.no\/westerstrand\/wp-json\/wp\/v2\/product_cat?post=627"},{"taxonomy":"product_tag","embeddable":true,"href":"https:\/\/timerecorder.no\/westerstrand\/wp-json\/wp\/v2\/product_tag?post=627"}],"curies":[{"name":"wp","href":"https:\/\/api.w.org\/{rel}","templated":true}]}}