{"id":650,"date":"2023-09-12T12:47:54","date_gmt":"2023-09-12T12:47:54","guid":{"rendered":"https:\/\/timerecorder.no\/westerstrand\/?post_type=product&#038;p=650"},"modified":"2023-09-12T12:56:12","modified_gmt":"2023-09-12T12:56:12","slug":"resultattavle-basic-led-190-tekst","status":"publish","type":"product","link":"https:\/\/timerecorder.no\/westerstrand\/sortiment\/sport\/resultattavler\/multisport\/resultattavle-basic-led-190-tekst\/","title":{"rendered":"Resultattavle Basic LED-190 &#8211; Tekst"},"content":{"rendered":"<p><strong>Generelt<\/strong><br \/>\nResultattavle med innebygd sir\u00e9ne og sifre av lysdioder i SMD-teknikk. Designet gj\u00f8r at den passer utmerket for de fleste inned\u00f8rssporter.<br \/>\nTavlen styres fra en styreenhet med forh\u00e5ndsprogrammerte regler til respektive sporter.<br \/>\nMed innebygd tekstmastrise for visning av f.eks. lagnavn, alternativ informasjon eller rullerende tekst. Matriseraden kontrolleres via Windowsbasert program.<br \/>\nResultattavlen finnes for radiostyrt eller kablet tilkobling.<\/p>\n<p><strong>Match\/Spilletid<\/strong><br \/>\nOpp- eller nedtelling vises med fire siffer, min og sek.<br \/>\nLokaltid kan vises n\u00e5r ingen match p\u00e5g\u00e5r.<\/p>\n<p><strong>P\u00e5g\u00e5ende spill\/Spillavbrudd<\/strong><br \/>\nVises med gr\u00f8nn\/r\u00f8d prikk.<\/p>\n<p><strong>Resultat<\/strong><br \/>\n000-999 (tre siffer pr. lag) for basket og futsal<br \/>\n00-99 (to siffer pr. lag) for \u00f8vrige sporter.<\/p>\n<p><strong>Periode<\/strong><br \/>\n1-9 vises med ett siffer<\/p>\n<p><strong>Tekst<\/strong><br \/>\nMatrise, 18 tegn<\/p>\n<p><strong>Utvisning<\/strong><br \/>\n1 utvisningstid \/ lag<\/p>\n<p><strong>Serve\/Ballinnehav<\/strong><br \/>\nVises med piler (r\u00f8de)<\/p>\n<p><strong>Lagfoul<\/strong><br \/>\n1 siffer pr.lag for lagfoul, og viser (blinkende) siste foulet spillerens nummer og foul i basket.<\/p>\n<p><strong>Time-out<\/strong><br \/>\nNedtelling av time-out vises i stedet for matchtid (ikke i basket)<br \/>\nBrukte timeouts vises med r\u00f8de prikker (3 prikker pr. lag)<\/p>\n<p><strong>Sir\u00e9ne<\/strong><br \/>\nAvgir automatisk signal ved matchslut, time-out og pauser.<br \/>\nGjennom knappetrykking kan sir\u00e9nen ogs\u00e5 sl\u00e5s p\u00e5 ved et valgfritt tidspunkt.<\/p>\n<p><strong>Tegnh\u00f8yde<\/strong><br \/>\n190 mm (resultat, tid, utvisning og lagfoul), 140 mm (periode), 94\/82 mm (tekst)<\/p>\n","protected":false},"excerpt":{"rendered":"<p>&#8216;- Innebygd sir\u00e9ne.<br \/>\n&#8211; G\u00e5r og kombinere med ulike tilleggsmoduler.<br \/>\n&#8211; Med tekstmatrise.<br \/>\n&#8211; Styres via styreenhet med forh\u00e5ndsprogrammerte regler.<br \/>\n&#8211; Resultattavlen finnes for radiostyrt eller kablet tilkobling.<br \/>\n&#8211; Anbefalt plassering er p\u00e5 hallens langside.<br \/>\n&#8211; Passer til badminton, basket, bordtennis, boxing, bryting, futsal, h\u00e5ndball, innebandy, innend\u00f8rsfotball, tennis, tidtaking, tyngdel\u00f8ft, vannpolo og volleyball.<\/p>\n","protected":false},"featured_media":651,"template":"","meta":{"_seopress_robots_primary_cat":"","_seopress_titles_title":"","_seopress_titles_desc":"","_seopress_robots_index":""},"product_brand":[],"product_cat":[24,23,21,22],"product_tag":[72,102,100],"class_list":{"0":"post-650","1":"product","2":"type-product","3":"status-publish","4":"has-post-thumbnail","6":"product_cat-multisport","7":"product_cat-resultattavler","8":"product_cat-sortiment","9":"product_cat-sport","10":"product_tag-basic-led-190","11":"product_tag-multisport","12":"product_tag-resultattavle","14":"first","15":"instock","16":"shipping-taxable","17":"product-type-simple"},"meta_box":[],"_links":{"self":[{"href":"https:\/\/timerecorder.no\/westerstrand\/wp-json\/wp\/v2\/product\/650","targetHints":{"allow":["GET"]}}],"collection":[{"href":"https:\/\/timerecorder.no\/westerstrand\/wp-json\/wp\/v2\/product"}],"about":[{"href":"https:\/\/timerecorder.no\/westerstrand\/wp-json\/wp\/v2\/types\/product"}],"wp:featuredmedia":[{"embeddable":true,"href":"https:\/\/timerecorder.no\/westerstrand\/wp-json\/wp\/v2\/media\/651"}],"wp:attachment":[{"href":"https:\/\/timerecorder.no\/westerstrand\/wp-json\/wp\/v2\/media?parent=650"}],"wp:term":[{"taxonomy":"product_brand","embeddable":true,"href":"https:\/\/timerecorder.no\/westerstrand\/wp-json\/wp\/v2\/product_brand?post=650"},{"taxonomy":"product_cat","embeddable":true,"href":"https:\/\/timerecorder.no\/westerstrand\/wp-json\/wp\/v2\/product_cat?post=650"},{"taxonomy":"product_tag","embeddable":true,"href":"https:\/\/timerecorder.no\/westerstrand\/wp-json\/wp\/v2\/product_tag?post=650"}],"curies":[{"name":"wp","href":"https:\/\/api.w.org\/{rel}","templated":true}]}}