{"id":658,"date":"2023-09-13T06:56:54","date_gmt":"2023-09-13T06:56:54","guid":{"rendered":"https:\/\/timerecorder.no\/westerstrand\/?post_type=product&#038;p=658"},"modified":"2023-09-13T06:56:54","modified_gmt":"2023-09-13T06:56:54","slug":"resultattavle-basic-led-250-ishockey","status":"publish","type":"product","link":"https:\/\/timerecorder.no\/westerstrand\/sortiment\/sport\/resultattavler\/multisport\/resultattavle-basic-led-250-ishockey\/","title":{"rendered":"Resultattavle Basic LED-250 &#8211; Ishockey"},"content":{"rendered":"<p><strong>Generelt<\/strong><br \/>\nResultattavle med innebygd sir\u00e9ne og siffer av lysdioder i SMD-teknikk.<br \/>\nTavlen styres fra en styreenhet med forh\u00e5ndsprogrammerte regler og finnes med radiostyrt eller kablet tilkobling.<\/p>\n<p><strong>Match\/Spilletid<\/strong><br \/>\nOpp- eller nedtelling vises med fire siffer, min og sek.<br \/>\nLokaltid kan vises n\u00e5r ingen match p\u00e5g\u00e5r.<\/p>\n<p><strong>P\u00e5g\u00e5ende spill\/Spilleavbrudd<\/strong><br \/>\nVises med gr\u00f8nn\/r\u00f8d prikk.<\/p>\n<p><strong>Resultat<\/strong><br \/>\n00-99 (to siffer per lag)<\/p>\n<p><strong>Periode<\/strong><br \/>\n1-9 vises med ett siffer<\/p>\n<p><strong>Time-out<\/strong><br \/>\nNedtelling av time-out vises i stedet for matchtid.<br \/>\nBrukte timeouts vises med r\u00f8de prikker (3 prikker per lag)<\/p>\n<p><strong>Sir\u00e9ne<\/strong><br \/>\nAvgir automatisk signal ved matchslutt, time-out og pause.<br \/>\nGjennom knappetrykking kan sir\u00e9nen ogs\u00e5 sl\u00e5s p\u00e5 ved et valgfritt tidspunkt.<\/p>\n<p><strong>Tegnh\u00f8yde<\/strong><br \/>\n250 mm (resultat og tid), 190 mm (periode)<\/p>\n","protected":false},"excerpt":{"rendered":"<p>&#8216;- Innebygd sir\u00e9ne.<br \/>\n&#8211; G\u00e5r \u00e5 kombinere med uvisningsmodul.<br \/>\n&#8211; Styres via en styreenhet med forh\u00e5ndsprogrammerte regler.<br \/>\n&#8211; Resultattavlen finnes med radiostyrt eller kablet tilkobling.<br \/>\n&#8211; Anbefalt plassering er p\u00e5 hallens kortside.<br \/>\n&#8211; Passer for ishockey<\/p>\n","protected":false},"featured_media":661,"template":"","meta":{"_seopress_robots_primary_cat":"","_seopress_titles_title":"","_seopress_titles_desc":"","_seopress_robots_index":""},"product_brand":[],"product_cat":[24,23,21,22],"product_tag":[73,100],"class_list":{"0":"post-658","1":"product","2":"type-product","3":"status-publish","4":"has-post-thumbnail","6":"product_cat-multisport","7":"product_cat-resultattavler","8":"product_cat-sortiment","9":"product_cat-sport","10":"product_tag-basic-led-250","11":"product_tag-resultattavle","13":"first","14":"instock","15":"shipping-taxable","16":"product-type-simple"},"meta_box":[],"_links":{"self":[{"href":"https:\/\/timerecorder.no\/westerstrand\/wp-json\/wp\/v2\/product\/658","targetHints":{"allow":["GET"]}}],"collection":[{"href":"https:\/\/timerecorder.no\/westerstrand\/wp-json\/wp\/v2\/product"}],"about":[{"href":"https:\/\/timerecorder.no\/westerstrand\/wp-json\/wp\/v2\/types\/product"}],"wp:featuredmedia":[{"embeddable":true,"href":"https:\/\/timerecorder.no\/westerstrand\/wp-json\/wp\/v2\/media\/661"}],"wp:attachment":[{"href":"https:\/\/timerecorder.no\/westerstrand\/wp-json\/wp\/v2\/media?parent=658"}],"wp:term":[{"taxonomy":"product_brand","embeddable":true,"href":"https:\/\/timerecorder.no\/westerstrand\/wp-json\/wp\/v2\/product_brand?post=658"},{"taxonomy":"product_cat","embeddable":true,"href":"https:\/\/timerecorder.no\/westerstrand\/wp-json\/wp\/v2\/product_cat?post=658"},{"taxonomy":"product_tag","embeddable":true,"href":"https:\/\/timerecorder.no\/westerstrand\/wp-json\/wp\/v2\/product_tag?post=658"}],"curies":[{"name":"wp","href":"https:\/\/api.w.org\/{rel}","templated":true}]}}