{"id":667,"date":"2023-09-13T07:31:43","date_gmt":"2023-09-13T07:31:43","guid":{"rendered":"https:\/\/timerecorder.no\/westerstrand\/?post_type=product&#038;p=667"},"modified":"2023-09-13T07:31:43","modified_gmt":"2023-09-13T07:31:43","slug":"hovedur-eth","status":"publish","type":"product","link":"https:\/\/timerecorder.no\/westerstrand\/sortiment\/tid\/sentralur\/hovedur\/hovedur-eth\/","title":{"rendered":"Hovedur ETH"},"content":{"rendered":"<p><strong>Generelt<\/strong><br \/>\nHoveduret er hjernen i et tidgivningssystem. Her finnes all intelligens s\u00e5nn som sommer\/vintertidomstilling, rettstilling etter et str\u00f8mavbrudd etc.<\/p>\n<p>Den har en forh\u00e5ndsprogrammert \u00e5rskalender\/almanakk der \u00e5rets r\u00f8de dager er allerede innprogrammert.<\/p>\n<p>I hoveduret kan man velge hvilken type kommunikasjon den skal styre sekund\u00e6rurene med. Eksempelvis 24 V DC polvekselende minuttimpulser, Tidkode eller NTP.<\/p>\n<p>Vil man ha en ekstra h\u00f8y gangn\u00f8yaktighet, s\u00e5 kan en ekstern signalmottaker av type GPS, tilkobles til hoveduret.<\/p>\n<p><strong>Str\u00f8mavbrudd<\/strong><br \/>\nVed et str\u00f8mavbrudd s\u00e5 beholder hoveduret sine innstillinger opp til 72 timer. N\u00e5r str\u00f8mmen kommer tilbake innenfor den tiden, s\u00e5 rettstiller hoveduret automatisk alle klokker i systemet.<\/p>\n<p><strong>Ethernetmodul<\/strong><br \/>\nHoveduret er ogs\u00e5 utstyrt med en nettverksmodul som gj\u00f8r det mulig \u00e5 tilkoble hoveduret til et nettverk via den innebygde RJ45 kontakten.<\/p>\n<p>Nettverkstilkoblingen kan benyttes for tiddistribusjon, fjernkontroll, alarmh\u00e5ndtering og overv\u00e5king.<br \/>\nFor tidsdistribusjon benyttes standariserte NTP (Network Time Protocol) og for alarm og overv\u00e5king benyttes SNMP.<\/p>\n<p>N\u00e5r Ethernet-modulen benyttes for tiddistribusjon kan hoveduret &laquo;handle som&raquo; prim\u00e6rt som NTP-server eller som NTP-klient. Enheter som er tilkoblet til nettverket med st\u00f8tte for NTP, kan f\u00e5 riktig tid fra hoveduret via nettverksmodulen. ET<\/p>\n","protected":false},"excerpt":{"rendered":"<p>&#8216;- En enhet som styrer alle tilkoblede klokker i et tidgivningssystem.<br \/>\n&#8211; Automatisk sommer\/vintertidomstilling.<br \/>\n&#8211; Automatisk rettstilling etter eksempelvis str\u00f8mavbrudd.<br \/>\n&#8211; Impulsutgang for styring av ulike typer av klokker.<br \/>\n&#8211; Innebygd nettverksmodul RJ45.<br \/>\n&#8211; WDP-Q ETH<\/p>\n","protected":false},"featured_media":668,"template":"","meta":{"_seopress_robots_primary_cat":"","_seopress_titles_title":"","_seopress_titles_desc":"","_seopress_robots_index":""},"product_brand":[],"product_cat":[55,62,39,65,53,21,59,34,43,67],"product_tag":[150,109,84,128,151,80,112,133],"class_list":{"0":"post-667","1":"product","2":"type-product","3":"status-publish","4":"has-post-thumbnail","6":"product_cat-hovedur","7":"product_cat-impuls","8":"product_cat-industri","9":"product_cat-ntp","10":"product_cat-sentralur","11":"product_cat-sortiment","12":"product_cat-styresystem","13":"product_cat-systemlosninger","14":"product_cat-tid","15":"product_cat-tidkode","16":"product_tag-hovedur","17":"product_tag-impuls","18":"product_tag-ip65","19":"product_tag-ntp","20":"product_tag-rj45","21":"product_tag-sentralur","22":"product_tag-styresystem","23":"product_tag-tidkode","25":"first","26":"instock","27":"shipping-taxable","28":"product-type-simple"},"meta_box":[],"_links":{"self":[{"href":"https:\/\/timerecorder.no\/westerstrand\/wp-json\/wp\/v2\/product\/667","targetHints":{"allow":["GET"]}}],"collection":[{"href":"https:\/\/timerecorder.no\/westerstrand\/wp-json\/wp\/v2\/product"}],"about":[{"href":"https:\/\/timerecorder.no\/westerstrand\/wp-json\/wp\/v2\/types\/product"}],"wp:featuredmedia":[{"embeddable":true,"href":"https:\/\/timerecorder.no\/westerstrand\/wp-json\/wp\/v2\/media\/668"}],"wp:attachment":[{"href":"https:\/\/timerecorder.no\/westerstrand\/wp-json\/wp\/v2\/media?parent=667"}],"wp:term":[{"taxonomy":"product_brand","embeddable":true,"href":"https:\/\/timerecorder.no\/westerstrand\/wp-json\/wp\/v2\/product_brand?post=667"},{"taxonomy":"product_cat","embeddable":true,"href":"https:\/\/timerecorder.no\/westerstrand\/wp-json\/wp\/v2\/product_cat?post=667"},{"taxonomy":"product_tag","embeddable":true,"href":"https:\/\/timerecorder.no\/westerstrand\/wp-json\/wp\/v2\/product_tag?post=667"}],"curies":[{"name":"wp","href":"https:\/\/api.w.org\/{rel}","templated":true}]}}