{"id":670,"date":"2023-09-13T07:38:02","date_gmt":"2023-09-13T07:38:02","guid":{"rendered":"https:\/\/timerecorder.no\/westerstrand\/?post_type=product&#038;p=670"},"modified":"2023-09-13T07:38:02","modified_gmt":"2023-09-13T07:38:02","slug":"hovedur-knx","status":"publish","type":"product","link":"https:\/\/timerecorder.no\/westerstrand\/sortiment\/tid\/sentralur\/hovedur\/hovedur-knx\/","title":{"rendered":"Hovedur KNX"},"content":{"rendered":"<p><strong>Generelt<\/strong><br \/>\nWesterstrands KNX-hovedur synkroniserer sekund\u00e6rur over KNX bussen. Hoveduret sender tid og dato med et intervall som kan konfigureres med ETS4\/5 og kan ogs\u00e5 svare p\u00e5 tidsforesp\u00f8rsler. B\u00e5de UTC og lokal tid kan overf\u00f8res og benyttes samtidig med ulike gruppeadresser.<\/p>\n<p>WDP-Q KNX kan synkroniseres via GPS, DCF eller fra et annet hovedur via KNX-bussen.<\/p>\n<p>Hoveduret kan ogs\u00e5 benyttes for \u00e5 synkronisere sekund\u00e6rur gjennonm minuttimpulser.<br \/>\nHelautomatisk korrigering av sommer\/vintertid og forh\u00e5ndsprogrammert kalender.<\/p>\n<p><strong>Rel\u00e9styring<\/strong><br \/>\nWDP-Q KNX har 8 vekslende KNX-utganger som kan programemres via knapper p\u00e5 hoveduret. P\u00c5\/AV kan programmeres for dag, uke, \u00e5r eller for \u00e5 f\u00f8lge et skjema. Utgangene kan programmeres for ett eller flere skjemaer, f.eks. for skole og arbeidstimer.<\/p>\n<p><strong>Str\u00f8mavbrudd<\/strong><br \/>\nVed et str\u00f8mavbrudd s\u00e5 beholder hoveduret sine innstillinger opp til 72 timer.\u00a0 N\u00e5r str\u00f8mmen kommer tilbake innenfor den tiden, s\u00e5 rettstiller hoveduret automatisk alle klokker i systemet.<\/p>\n","protected":false},"excerpt":{"rendered":"<p>&#8216;- En enhet som synkroniserer tilkoblede klokker i ett KNX-system.<br \/>\n&#8211; Automatisk sommer\/vintertidomstilling<br \/>\n&#8211; Automatisk rettstilling etter eksempelvis str\u00f8mavbrudd.<br \/>\n&#8211; Impulsutgang for styring av ulike typer av klokker.<br \/>\n&#8211; WDP-Q KNX<\/p>\n","protected":false},"featured_media":671,"template":"","meta":{"_seopress_robots_primary_cat":"","_seopress_titles_title":"","_seopress_titles_desc":"","_seopress_robots_index":""},"product_brand":[],"product_cat":[55,62,63,65,53,21,59,43,67],"product_tag":[150,109,130,131,128,80,112,133],"class_list":{"0":"post-670","1":"product","2":"type-product","3":"status-publish","4":"has-post-thumbnail","6":"product_cat-hovedur","7":"product_cat-impuls","8":"product_cat-knx","9":"product_cat-ntp","10":"product_cat-sentralur","11":"product_cat-sortiment","12":"product_cat-styresystem","13":"product_cat-tid","14":"product_cat-tidkode","15":"product_tag-hovedur","16":"product_tag-impuls","17":"product_tag-ip20","18":"product_tag-knx","19":"product_tag-ntp","20":"product_tag-sentralur","21":"product_tag-styresystem","22":"product_tag-tidkode","24":"first","25":"instock","26":"shipping-taxable","27":"product-type-simple"},"meta_box":[],"_links":{"self":[{"href":"https:\/\/timerecorder.no\/westerstrand\/wp-json\/wp\/v2\/product\/670","targetHints":{"allow":["GET"]}}],"collection":[{"href":"https:\/\/timerecorder.no\/westerstrand\/wp-json\/wp\/v2\/product"}],"about":[{"href":"https:\/\/timerecorder.no\/westerstrand\/wp-json\/wp\/v2\/types\/product"}],"wp:featuredmedia":[{"embeddable":true,"href":"https:\/\/timerecorder.no\/westerstrand\/wp-json\/wp\/v2\/media\/671"}],"wp:attachment":[{"href":"https:\/\/timerecorder.no\/westerstrand\/wp-json\/wp\/v2\/media?parent=670"}],"wp:term":[{"taxonomy":"product_brand","embeddable":true,"href":"https:\/\/timerecorder.no\/westerstrand\/wp-json\/wp\/v2\/product_brand?post=670"},{"taxonomy":"product_cat","embeddable":true,"href":"https:\/\/timerecorder.no\/westerstrand\/wp-json\/wp\/v2\/product_cat?post=670"},{"taxonomy":"product_tag","embeddable":true,"href":"https:\/\/timerecorder.no\/westerstrand\/wp-json\/wp\/v2\/product_tag?post=670"}],"curies":[{"name":"wp","href":"https:\/\/api.w.org\/{rel}","templated":true}]}}