{"id":678,"date":"2023-09-13T07:55:30","date_gmt":"2023-09-13T07:55:30","guid":{"rendered":"https:\/\/timerecorder.no\/westerstrand\/?post_type=product&#038;p=678"},"modified":"2023-09-13T07:56:13","modified_gmt":"2023-09-13T07:56:13","slug":"arsprogramur-mini","status":"publish","type":"product","link":"https:\/\/timerecorder.no\/westerstrand\/sortiment\/tid\/sentralur\/arsprogramur\/arsprogramur-mini\/","title":{"rendered":"\u00c5rsprogramur Mini"},"content":{"rendered":"<p><strong>Generelt<\/strong><br \/>\n\u00c5rsprogramuret er tiltenkt for styring av energiforbrukere s\u00e5nn som ringeklokker for pausesignal etc.<\/p>\n<p>Den innebygde temperaturkompenserte kvartskristalloscillatorn tillater h\u00f8y gangn\u00f8yaktighet selv ved vekslende romtemperatur. For ekstra h\u00f8y gangn\u00f8yaktighet finnes signalmottakere for eks. GPS som tilbeh\u00f8r.<\/p>\n<p><strong>Str\u00f8mbrudd<\/strong><br \/>\nI tilfelle str\u00f8mbrudd fortsetter tiden \u00e5 g\u00e5 internt i klokken, og utgangene settes til \u00e5 v\u00e6re av. Etter str\u00f8mbruddet inntar rel\u00e9utgangene sin programmerte stilling.<\/p>\n","protected":false},"excerpt":{"rendered":"<p>&#8216;- Automatisk sommer\/vintertidomstilling.<br \/>\n&#8211; Automatisk rettstilling etter eksempelvis str\u00f8mavbrudd.<br \/>\n&#8211; Rel\u00e9utganger for \u00e5 styre vifter, belysning, alarmer, pausesignaler m.m.<br \/>\n&#8211; WYP-4-mini<\/p>\n","protected":false},"featured_media":679,"template":"","meta":{"_seopress_robots_primary_cat":"","_seopress_titles_title":"","_seopress_titles_desc":"","_seopress_robots_index":""},"product_brand":[],"product_cat":[54,53,21,43],"product_tag":[152,84,80],"class_list":{"0":"post-678","1":"product","2":"type-product","3":"status-publish","4":"has-post-thumbnail","6":"product_cat-arsprogramur","7":"product_cat-sentralur","8":"product_cat-sortiment","9":"product_cat-tid","10":"product_tag-arsprogramur","11":"product_tag-ip65","12":"product_tag-sentralur","14":"first","15":"instock","16":"shipping-taxable","17":"product-type-simple"},"meta_box":[],"_links":{"self":[{"href":"https:\/\/timerecorder.no\/westerstrand\/wp-json\/wp\/v2\/product\/678","targetHints":{"allow":["GET"]}}],"collection":[{"href":"https:\/\/timerecorder.no\/westerstrand\/wp-json\/wp\/v2\/product"}],"about":[{"href":"https:\/\/timerecorder.no\/westerstrand\/wp-json\/wp\/v2\/types\/product"}],"wp:featuredmedia":[{"embeddable":true,"href":"https:\/\/timerecorder.no\/westerstrand\/wp-json\/wp\/v2\/media\/679"}],"wp:attachment":[{"href":"https:\/\/timerecorder.no\/westerstrand\/wp-json\/wp\/v2\/media?parent=678"}],"wp:term":[{"taxonomy":"product_brand","embeddable":true,"href":"https:\/\/timerecorder.no\/westerstrand\/wp-json\/wp\/v2\/product_brand?post=678"},{"taxonomy":"product_cat","embeddable":true,"href":"https:\/\/timerecorder.no\/westerstrand\/wp-json\/wp\/v2\/product_cat?post=678"},{"taxonomy":"product_tag","embeddable":true,"href":"https:\/\/timerecorder.no\/westerstrand\/wp-json\/wp\/v2\/product_tag?post=678"}],"curies":[{"name":"wp","href":"https:\/\/api.w.org\/{rel}","templated":true}]}}