{"id":682,"date":"2023-09-13T08:07:23","date_gmt":"2023-09-13T08:07:23","guid":{"rendered":"https:\/\/timerecorder.no\/westerstrand\/?post_type=product&#038;p=682"},"modified":"2023-09-13T08:07:23","modified_gmt":"2023-09-13T08:07:23","slug":"resultattavle-basic-led-250-multisport","status":"publish","type":"product","link":"https:\/\/timerecorder.no\/westerstrand\/sortiment\/sport\/resultattavler\/multisport\/resultattavle-basic-led-250-multisport\/","title":{"rendered":"Resultattavle Basic LED-250 &#8211; Multisport"},"content":{"rendered":"<p><strong>Generelt<\/strong><br \/>\nResultattvale med innebygd sir\u00e9ne og siffer av lysdioder i SMD-teknikk. Designet gj\u00f8r at den passer utmerket for de fleste innend\u00f8rssporter.<br \/>\nTavlen styres fra styreenhet med forh\u00e5ndsprogrammerte regler til respektive sporter og finnes med radiostyrt eller kablet tilkobling.<\/p>\n<p><strong>Match\/Spilletid<\/strong><br \/>\nOpp- eller nedtelling vises med fire siffer, min og sek.<br \/>\nLokaltid kan vises n\u00e5r ingen match p\u00e5g\u00e5r.<\/p>\n<p><strong>P\u00e5g\u00e5ende spill\/Spillavbrudd<\/strong><br \/>\nVises med gr\u00f8nn\/r\u00f8d prikk.<\/p>\n<p><strong>Resultat<\/strong><br \/>\n000-999 (tre siffer pr. lag) for basket og futsal<br \/>\n00-99 (to siffer pr. lag) for \u00f8vrige sporter.<\/p>\n<p><strong>Periode<\/strong><br \/>\n1-9 vises med ett siffer<\/p>\n<p><strong>Utvisning<\/strong><br \/>\n1 utvisningstid \/ lag<\/p>\n<p><strong>Serve\/Ballinnhav<\/strong><br \/>\nVises med piler (r\u00f8de)<\/p>\n<p><strong>Lagfoul<\/strong><br \/>\n1 siffer pr. lag for lagfoul, og viser (blinkende) siste foulet spillerens nummer og foul i basket.<\/p>\n<p><strong>Time-out<\/strong><br \/>\nNedtelling av time-out vises i stedet for matchtid (ikke i basket)<br \/>\nBrukte timeouts vises med r\u00f8de prikker (3 prikker pr. lag)<\/p>\n<p><strong>Sir\u00e9ne<\/strong><br \/>\nAvgir automatisk signal ved matchslutt, time-out og pauser.<br \/>\nGjennom knappetrykking kan sir\u00e9nen ogs\u00e5 sl\u00e5s p\u00e5 ved valgfritt tidspunkt.<\/p>\n<p><strong>Tegnh\u00f8yde<\/strong><br \/>\n250 mm (resultat, tid, utvisning og lagfoul), 190 mm (periode)<\/p>\n","protected":false},"excerpt":{"rendered":"<p>&#8216;- Innebygd sir\u00e9ne.<br \/>\n&#8211; G\u00e5r og kombinere med ulike tilleggsmoduler.<br \/>\n&#8211; Styres via styreenhet med forh\u00e5ndsprogrammerte regler.<br \/>\n&#8211; Resultattavlen finnes med radiostyrt eller kablet tilkobling.<br \/>\n&#8211; Anbefalt plassering er p\u00e5 hallens kortside.<br \/>\n&#8211; Passer til badminton, basket, bordtennis, boksing, bryting, futsal, h\u00e5ndball, innebandy, innend\u00f8rsfotball, tennis, tidtaking, tyngdel\u00f8ft, vannpolo og volleyball.<\/p>\n","protected":false},"featured_media":685,"template":"","meta":{"_seopress_robots_primary_cat":"","_seopress_titles_title":"","_seopress_titles_desc":"","_seopress_robots_index":""},"product_brand":[],"product_cat":[38,24,23,21,22,34],"product_tag":[73,75,102,100],"class_list":{"0":"post-682","1":"product","2":"type-product","3":"status-publish","4":"has-post-thumbnail","6":"product_cat-idrettshall","7":"product_cat-multisport","8":"product_cat-resultattavler","9":"product_cat-sortiment","10":"product_cat-sport","11":"product_cat-systemlosninger","12":"product_tag-basic-led-250","13":"product_tag-idrettshall","14":"product_tag-multisport","15":"product_tag-resultattavle","17":"first","18":"instock","19":"shipping-taxable","20":"product-type-simple"},"meta_box":[],"_links":{"self":[{"href":"https:\/\/timerecorder.no\/westerstrand\/wp-json\/wp\/v2\/product\/682","targetHints":{"allow":["GET"]}}],"collection":[{"href":"https:\/\/timerecorder.no\/westerstrand\/wp-json\/wp\/v2\/product"}],"about":[{"href":"https:\/\/timerecorder.no\/westerstrand\/wp-json\/wp\/v2\/types\/product"}],"wp:featuredmedia":[{"embeddable":true,"href":"https:\/\/timerecorder.no\/westerstrand\/wp-json\/wp\/v2\/media\/685"}],"wp:attachment":[{"href":"https:\/\/timerecorder.no\/westerstrand\/wp-json\/wp\/v2\/media?parent=682"}],"wp:term":[{"taxonomy":"product_brand","embeddable":true,"href":"https:\/\/timerecorder.no\/westerstrand\/wp-json\/wp\/v2\/product_brand?post=682"},{"taxonomy":"product_cat","embeddable":true,"href":"https:\/\/timerecorder.no\/westerstrand\/wp-json\/wp\/v2\/product_cat?post=682"},{"taxonomy":"product_tag","embeddable":true,"href":"https:\/\/timerecorder.no\/westerstrand\/wp-json\/wp\/v2\/product_tag?post=682"}],"curies":[{"name":"wp","href":"https:\/\/api.w.org\/{rel}","templated":true}]}}