{"id":82,"date":"2023-09-06T19:43:14","date_gmt":"2023-09-06T19:43:14","guid":{"rendered":"https:\/\/timerecorder.no\/westerstrand\/?post_type=product&#038;p=82"},"modified":"2023-10-02T21:12:17","modified_gmt":"2023-10-02T21:12:17","slug":"individuell-foul-basic-led-med-mal-spillere","status":"publish","type":"product","link":"https:\/\/timerecorder.no\/westerstrand\/sortiment\/sport\/resultattavler\/multisport\/individuell-foul-basic-led-med-mal-spillere\/","title":{"rendered":"Individuell foul Basic-LED med m\u00e5l\/spillere"},"content":{"rendered":"<p><strong>Allm\u00e4nt<\/strong><br \/>\n2st till\u00e4ggsmoduler f\u00f6r Resultattavla BASIC LED med siffror av lysdioder i SMD-teknik. Visar individuell foul samt m\u00e5l per spelare i basket.<br \/>\nTavlorna styrs fr\u00e5n samma man\u00f6verenhet som resultattavlan.<\/p>\n<p><strong>Spelarnummer<\/strong><br \/>\n00-99 (12 spelare\/lag)<\/p>\n<p><strong>Foul<\/strong><br \/>\n4 gular prickar och 1 r\u00f6d \/ spelare<\/p>\n<p><strong>M\u00e5l<\/strong><br \/>\n00-99 (2 siffror\/spelare)<\/p>\n<p><strong>Teckenh\u00f6jd<\/strong><br \/>\n60 mm (BASIC LED-190)<br \/>\n120 mm (BASIC LED-250)<\/p>\n","protected":false},"excerpt":{"rendered":"<p>&#8211; F\u00f6r anv\u00e4ndning tillsammans med resultattavla.<br \/>\n&#8211; Finns f\u00f6r BASIC LED-190 och BASIC LED-250.<br \/>\n&#8211; Styrs fr\u00e5n samma man\u00f6verenhet som resultattavlan.<br \/>\n&#8211; Basketball<\/p>\n","protected":false},"featured_media":493,"template":"","meta":{"_seopress_robots_primary_cat":"","_seopress_titles_title":"","_seopress_titles_desc":"","_seopress_robots_index":""},"product_brand":[],"product_cat":[38,24,23,21,22,34],"product_tag":[72,73,75],"class_list":{"0":"post-82","1":"product","2":"type-product","3":"status-publish","4":"has-post-thumbnail","6":"product_cat-idrettshall","7":"product_cat-multisport","8":"product_cat-resultattavler","9":"product_cat-sortiment","10":"product_cat-sport","11":"product_cat-systemlosninger","12":"product_tag-basic-led-190","13":"product_tag-basic-led-250","14":"product_tag-idrettshall","16":"first","17":"instock","18":"shipping-taxable","19":"product-type-simple"},"meta_box":[],"_links":{"self":[{"href":"https:\/\/timerecorder.no\/westerstrand\/wp-json\/wp\/v2\/product\/82","targetHints":{"allow":["GET"]}}],"collection":[{"href":"https:\/\/timerecorder.no\/westerstrand\/wp-json\/wp\/v2\/product"}],"about":[{"href":"https:\/\/timerecorder.no\/westerstrand\/wp-json\/wp\/v2\/types\/product"}],"wp:featuredmedia":[{"embeddable":true,"href":"https:\/\/timerecorder.no\/westerstrand\/wp-json\/wp\/v2\/media\/493"}],"wp:attachment":[{"href":"https:\/\/timerecorder.no\/westerstrand\/wp-json\/wp\/v2\/media?parent=82"}],"wp:term":[{"taxonomy":"product_brand","embeddable":true,"href":"https:\/\/timerecorder.no\/westerstrand\/wp-json\/wp\/v2\/product_brand?post=82"},{"taxonomy":"product_cat","embeddable":true,"href":"https:\/\/timerecorder.no\/westerstrand\/wp-json\/wp\/v2\/product_cat?post=82"},{"taxonomy":"product_tag","embeddable":true,"href":"https:\/\/timerecorder.no\/westerstrand\/wp-json\/wp\/v2\/product_tag?post=82"}],"curies":[{"name":"wp","href":"https:\/\/api.w.org\/{rel}","templated":true}]}}