{"id":827,"date":"2023-10-02T20:45:55","date_gmt":"2023-10-02T20:45:55","guid":{"rendered":"https:\/\/timerecorder.no\/westerstrand\/?post_type=product&#038;p=827"},"modified":"2023-10-04T06:48:24","modified_gmt":"2023-10-04T06:48:24","slug":"op-ur-analog","status":"publish","type":"product","link":"https:\/\/timerecorder.no\/westerstrand\/sortiment\/tid\/analoge-ur\/analoge-innendors-ur\/op-ur-analog\/","title":{"rendered":"OP UR Analog"},"content":{"rendered":"<p><strong>Generelt<\/strong><br \/>\nAnalogt innend\u00f8rsur produsert for operasjonssaler. Uret har futteral i blankpolert rustfritt st\u00e5l og front i polykarbonat.<\/p>\n<p><strong>Styresystem<\/strong><br \/>\nKlokken g\u00e5r \u00e5 f\u00e5 med <a href=\"https:\/\/www.timerecorder.no\/westerstrand\/sortiment\/produktkategori\/tid\/styresystem\/impuls\/\"><strong>\u00a0Impuls<\/strong><\/a>,\u00a0<a href=\"https:\/\/www.timerecorder.no\/westerstrand\/sortiment\/produktkategori\/tid\/styresystem\/tidkode\/\"><strong>Tidkode<\/strong><\/a>, eller\u00a0<a href=\"https:\/\/www.timerecorder.no\/westerstrand\/sortiment\/produktkategori\/tid\/styresystem\/ntp\/\"><strong>NTP.<\/strong><\/a><\/p>\n<p><strong>Montering<\/strong><br \/>\nEnsidig for utvendig eller innfelt montering.<\/p>\n","protected":false},"excerpt":{"rendered":"<p><span id=\"span-166-22\" class=\"ct-span\">-Futteral i rustfritt st\u00e5l.<br \/>\n&#8211; Matthvit urtavle.<br \/>\n&#8211; Svarte time- og minuttvisere, r\u00f8d sekundvisere.<br \/>\n&#8211; Front i polykarbonat.<\/span><\/p>\n","protected":false},"featured_media":828,"template":"","meta":{"_seopress_robots_primary_cat":"","_seopress_titles_title":"","_seopress_titles_desc":"","_seopress_robots_index":""},"product_brand":[],"product_cat":[45,44,62,51,65,52,21,59,42,34,43,67],"product_tag":[77,109,113,128,153,112,107,133],"class_list":{"0":"post-827","1":"product","2":"type-product","3":"status-publish","4":"has-post-thumbnail","6":"product_cat-analoge-innendors-ur","7":"product_cat-analoge-ur","8":"product_cat-impuls","9":"product_cat-innendors-ur","10":"product_cat-ntp","11":"product_cat-operasjonsur","12":"product_cat-sortiment","13":"product_cat-styresystem","14":"product_cat-sykehus","15":"product_cat-systemlosninger","16":"product_cat-tid","17":"product_cat-tidkode","18":"product_tag-analoge-ur","19":"product_tag-impuls","20":"product_tag-innendors-ur","21":"product_tag-ntp","22":"product_tag-operasjonsur","23":"product_tag-styresystem","24":"product_tag-sykehus","25":"product_tag-tidkode","27":"first","28":"instock","29":"shipping-taxable","30":"product-type-simple"},"meta_box":[],"_links":{"self":[{"href":"https:\/\/timerecorder.no\/westerstrand\/wp-json\/wp\/v2\/product\/827","targetHints":{"allow":["GET"]}}],"collection":[{"href":"https:\/\/timerecorder.no\/westerstrand\/wp-json\/wp\/v2\/product"}],"about":[{"href":"https:\/\/timerecorder.no\/westerstrand\/wp-json\/wp\/v2\/types\/product"}],"wp:featuredmedia":[{"embeddable":true,"href":"https:\/\/timerecorder.no\/westerstrand\/wp-json\/wp\/v2\/media\/828"}],"wp:attachment":[{"href":"https:\/\/timerecorder.no\/westerstrand\/wp-json\/wp\/v2\/media?parent=827"}],"wp:term":[{"taxonomy":"product_brand","embeddable":true,"href":"https:\/\/timerecorder.no\/westerstrand\/wp-json\/wp\/v2\/product_brand?post=827"},{"taxonomy":"product_cat","embeddable":true,"href":"https:\/\/timerecorder.no\/westerstrand\/wp-json\/wp\/v2\/product_cat?post=827"},{"taxonomy":"product_tag","embeddable":true,"href":"https:\/\/timerecorder.no\/westerstrand\/wp-json\/wp\/v2\/product_tag?post=827"}],"curies":[{"name":"wp","href":"https:\/\/api.w.org\/{rel}","templated":true}]}}