{"id":89,"date":"2023-09-06T20:00:33","date_gmt":"2023-09-06T20:00:33","guid":{"rendered":"https:\/\/timerecorder.no\/westerstrand\/?post_type=product&#038;p=89"},"modified":"2023-09-10T20:40:43","modified_gmt":"2023-09-10T20:40:43","slug":"instrumentur-innendors","status":"publish","type":"product","link":"https:\/\/timerecorder.no\/westerstrand\/sortiment\/tid\/analoge-ur\/analoge-innendors-ur\/instrumentur-innendors\/","title":{"rendered":"Instrumentur &#8211; Innend\u00f8rs"},"content":{"rendered":"<p><strong>Allm\u00e4nt<\/strong><br \/>\nAnalogt instrumentur med fodral i svart framtaget f\u00f6r marina installationer.<br \/>\nUrtavla med timtecken och visare i svart. R\u00f6d svepande sekundvisare finns som tillval.<\/p>\n<p><strong>Styrsystem<\/strong><br \/>\nKlockan g\u00e5r att f\u00e5 med\u00a0<a href=\"https:\/\/www.timerecorder.no\/westerstrand\/sortiment\/produkter\/tid\/styresystem\/maritim-tidkode\/\"><strong>Marin tidkod<\/strong><\/a>.<\/p>\n<p><strong>Montage<\/strong><br \/>\nF\u00f6r inf\u00e4llning i konsol\/panel eller f\u00f6r inf\u00e4llning i v\u00e4gg.<\/p>\n","protected":false},"excerpt":{"rendered":"<p>&#8211; Fodral i svart.<br \/>\n&#8211; Mattvit urtavla.<br \/>\n&#8211; Svarta tim- och minutvisare, r\u00f6d sekundvisare som tillval.<br \/>\n&#8211; Plant skyddsglas.<br \/>\n&#8211; Inv\u00e4ndig belysning.<\/p>\n","protected":false},"featured_media":490,"template":"","meta":{"_seopress_robots_primary_cat":"","_seopress_titles_title":"","_seopress_titles_desc":"","_seopress_robots_index":""},"product_brand":[],"product_cat":[45,44,35,21,34,43],"product_tag":[77,78],"class_list":{"0":"post-89","1":"product","2":"type-product","3":"status-publish","4":"has-post-thumbnail","6":"product_cat-analoge-innendors-ur","7":"product_cat-analoge-ur","8":"product_cat-fartoy","9":"product_cat-sortiment","10":"product_cat-systemlosninger","11":"product_cat-tid","12":"product_tag-analoge-ur","13":"product_tag-fartoy","15":"first","16":"instock","17":"shipping-taxable","18":"product-type-simple"},"meta_box":[],"_links":{"self":[{"href":"https:\/\/timerecorder.no\/westerstrand\/wp-json\/wp\/v2\/product\/89","targetHints":{"allow":["GET"]}}],"collection":[{"href":"https:\/\/timerecorder.no\/westerstrand\/wp-json\/wp\/v2\/product"}],"about":[{"href":"https:\/\/timerecorder.no\/westerstrand\/wp-json\/wp\/v2\/types\/product"}],"wp:featuredmedia":[{"embeddable":true,"href":"https:\/\/timerecorder.no\/westerstrand\/wp-json\/wp\/v2\/media\/490"}],"wp:attachment":[{"href":"https:\/\/timerecorder.no\/westerstrand\/wp-json\/wp\/v2\/media?parent=89"}],"wp:term":[{"taxonomy":"product_brand","embeddable":true,"href":"https:\/\/timerecorder.no\/westerstrand\/wp-json\/wp\/v2\/product_brand?post=89"},{"taxonomy":"product_cat","embeddable":true,"href":"https:\/\/timerecorder.no\/westerstrand\/wp-json\/wp\/v2\/product_cat?post=89"},{"taxonomy":"product_tag","embeddable":true,"href":"https:\/\/timerecorder.no\/westerstrand\/wp-json\/wp\/v2\/product_tag?post=89"}],"curies":[{"name":"wp","href":"https:\/\/api.w.org\/{rel}","templated":true}]}}